{"id":71,"date":"2015-10-29T14:43:14","date_gmt":"2015-10-29T19:43:14","guid":{"rendered":"http:\/\/medesoft.co\/eliza\/?page_id=71"},"modified":"2015-10-29T14:43:14","modified_gmt":"2015-10-29T19:43:14","slug":"otros-productos","status":"publish","type":"page","link":"https:\/\/www.fmovil.co\/index.php\/productos\/otros-productos\/","title":{"rendered":"Otros Productos"},"content":{"rendered":"<div id=\"pl-71\"  class=\"panel-layout\" >\n<div id=\"pg-71-0\"  class=\"panel-grid panel-no-style\" >\n<div id=\"pgc-71-0-0\"  class=\"panel-grid-cell\"  data-weight=\"1\" >\n<div id=\"panel-71-0-0-0\" class=\"so-panel widget widget_sow-editor panel-first-child\" data-index=\"0\" data-style=\"{&quot;background_image_attachment&quot;:false,&quot;background_display&quot;:&quot;tile&quot;}\" >\n<div class=\"so-widget-sow-editor so-widget-sow-editor-base\">\n<div class=\"siteorigin-widget-tinymce textwidget\">\n<h4 style=\"text-align: justify;\" align=\"justify\"><span style=\"color: #000000;\">Nuestro compromiso con los Usuarios es ir innovando y generando nuevas herramientas que ayuden o faciliten el trabajo empresarial, Somos una empresa que a trav\u00e9s de estos a\u00f1os ha adquirido experiencia en desarrollo de Software con una calidad, que es certificada por nuestros mismos clientes.<\/span><\/h4>\n<p style=\"text-align: justify;\"><span style=\"color: #000000;\">A continuaci\u00f3n se Enumeran algunas aplicaciones y su descripci\u00f3n b\u00e1sica.<\/span><\/p>\n<table style=\"height: 1588px;\" width=\"1059\" cellspacing=\"1\" cellpadding=\"2\">\n<colgroup>\n<col width=\"70*\" \/>\n<col width=\"186*\" \/> <\/colgroup>\n<tbody>\n<tr>\n<td width=\"27%\"><span style=\"color: #000000;\"><span style=\"font-family: Verdana, Arial, Helvetica, sans-serif;\"><b>Fargoz &#8211; Tel\u00e9fono<\/b><\/span><\/span><\/td>\n<td width=\"73%\"><span style=\"font-family: Verdana, Arial, Helvetica, sans-serif; color: #000000;\">Permite Marcar Tel\u00e9fonos autom\u00e1ticamente desde Telemercadeo, Administra las Llamadas.<\/span><\/td>\n<\/tr>\n<tr>\n<td width=\"27%\"><span style=\"color: #000000;\"><span style=\"font-family: Verdana, Arial, Helvetica, sans-serif;\"><b>Fargoz \u2013 Foliador<\/b><\/span><\/span><\/td>\n<td width=\"73%\"><span style=\"font-family: Verdana, Arial, Helvetica, sans-serif; color: #000000;\"><br \/>\nPermite Numeraci\u00f3n de Hojas para C\u00e1mara de comercio.<\/span><\/td>\n<\/tr>\n<tr>\n<td width=\"27%\"><span style=\"color: #000000;\"><span style=\"font-family: Verdana, Arial, Helvetica, sans-serif;\"><b>Fargoz \u2013 Sticker<\/b><\/span><\/span><\/td>\n<td width=\"73%\"><span style=\"font-family: Verdana, Arial, Helvetica, sans-serif; color: #000000;\">Imprime sticker para la toma f\u00edsica, forma Legis.<\/span><\/td>\n<\/tr>\n<tr>\n<td width=\"27%\"><span style=\"color: #000000;\"><span style=\"font-family: Verdana, Arial, Helvetica, sans-serif;\"><b>Fargoz \u2013 StickMasivo<\/b><\/span><\/span><\/td>\n<td width=\"73%\"><span style=\"font-family: Verdana, Arial, Helvetica, sans-serif; color: #000000;\">Generador de Cartas y Correspondencia Masiva.<\/span><\/td>\n<\/tr>\n<tr>\n<td width=\"27%\"><span style=\"color: #000000;\"><span style=\"font-family: Verdana, Arial, Helvetica, sans-serif;\"><b>Fargoz \u2013 StickCli<\/b><\/span><\/span><\/td>\n<td width=\"73%\"><span style=\"font-family: Verdana, Arial, Helvetica, sans-serif; color: #000000;\">Generador de Sticker de clientes, por zonas, ventas Etc<\/span><\/td>\n<\/tr>\n<tr>\n<td width=\"27%\"><span style=\"color: #000000;\"><span style=\"font-family: Verdana, Arial, Helvetica, sans-serif;\"><b>Fargoz \u2013 StickPro<\/b><\/span><\/span><\/td>\n<td width=\"73%\"><span style=\"font-family: Verdana, Arial, Helvetica, sans-serif; color: #000000;\">Generador de Sticker de Proveedores<\/span><\/td>\n<\/tr>\n<tr>\n<td width=\"27%\"><span style=\"color: #000000;\"><strong><span style=\"font-family: Verdana, Arial, Helvetica, sans-serif;\">Fargoz \u2013 Voca<\/span><span style=\"font-family: Verdana, Arial, Helvetica, sans-serif;\">l<\/span><\/strong><\/span><\/td>\n<td width=\"73%\"><span style=\"font-family: Verdana, Arial, Helvetica, sans-serif; color: #000000;\">Permite Realizar Tareas en el sistema Fargoz a trav\u00e9s de La Voz<\/span><\/td>\n<\/tr>\n<tr>\n<td width=\"27%\"><span style=\"color: #000000;\"><span style=\"font-family: Verdana, Arial, Helvetica, sans-serif;\"><b>Fargoz \u2013 TIME<\/b><\/span><\/span><\/td>\n<td width=\"73%\"><span style=\"font-family: Verdana, Arial, Helvetica, sans-serif; color: #000000;\">Permite el Control de Entrada y salida de Personal.<\/span><\/td>\n<\/tr>\n<tr>\n<td width=\"27%\"><span style=\"color: #000000;\"><strong><span style=\"font-family: Verdana, Arial, Helvetica, sans-serif;\">Fargoz \u2013 DisplayVoca<\/span><\/strong><span style=\"font-family: Verdana, Arial, Helvetica, sans-serif;\">l<\/span><\/span><\/td>\n<td width=\"73%\"><span style=\"font-family: Verdana, Arial, Helvetica, sans-serif; color: #000000;\">Modulo de Display para Consultar Precios por los Clientes en el Supermercado, Es Visual y Vocal.<\/span><\/td>\n<\/tr>\n<tr>\n<td width=\"27%\"><span style=\"color: #000000;\"><span style=\"font-family: Verdana, Arial, Helvetica, sans-serif;\"><b>Fargoz \u2013 Chat<\/b><\/span><\/span><\/td>\n<td width=\"73%\"><span style=\"font-family: Verdana, Arial, Helvetica, sans-serif; color: #000000;\">Manejo de Correo Electr\u00f3nico Interno, Mensajer\u00eda Interna, Chateo Interno.<\/span><\/td>\n<\/tr>\n<tr>\n<td width=\"27%\"><span style=\"color: #000000;\"><span style=\"font-family: Verdana, Arial, Helvetica, sans-serif;\"><b>Fargoz \u2013 Mail<\/b><\/span><\/span><\/td>\n<td width=\"73%\"><span style=\"font-family: Verdana, Arial, Helvetica, sans-serif; color: #000000;\">Permite conexi\u00f3n Directa con las Multinacionales NACIONAL DE CHOCOLATES, PALMOLIVE, NOEL, etc., (V\u00eda Edifact)<\/span><\/td>\n<\/tr>\n<tr>\n<td width=\"27%\"><span style=\"color: #000000;\"><span style=\"font-family: Verdana, Arial, Helvetica, sans-serif;\"><b>Fargoz \u2013 P.O.S<\/b><\/span><\/span><\/td>\n<td width=\"73%\"><span style=\"font-family: Verdana, Arial, Helvetica, sans-serif; color: #000000;\">Sistema de Punto de Venta<\/span><\/td>\n<\/tr>\n<tr>\n<td width=\"27%\"><span style=\"color: #000000;\"><span style=\"font-family: Verdana, Arial, Helvetica, sans-serif;\"><b>Fargoz \u2013 Inventario<\/b><\/span><\/span><\/td>\n<td width=\"73%\"><span style=\"font-family: Verdana, Arial, Helvetica, sans-serif; color: #000000;\">Sistema de Inventarios<\/span><\/td>\n<\/tr>\n<tr>\n<td width=\"27%\"><span style=\"color: #000000;\"><span style=\"font-family: Verdana, Arial, Helvetica, sans-serif;\"><b>Fargoz \u2013 Compras<\/b><\/span><\/span><\/td>\n<td width=\"73%\"><span style=\"font-family: Verdana, Arial, Helvetica, sans-serif; color: #000000;\">Sistema de Compras y Proveedores.<\/span><\/td>\n<\/tr>\n<tr>\n<td width=\"27%\"><span style=\"color: #000000;\"><span style=\"font-family: Verdana, Arial, Helvetica, sans-serif;\"><b>Fargoz \u2013 Cartera<\/b><\/span><\/span><\/td>\n<td width=\"73%\"><span style=\"font-family: Verdana, Arial, Helvetica, sans-serif; color: #000000;\">Sistema de Cartera o Clientes.<\/span><\/td>\n<\/tr>\n<tr>\n<td width=\"27%\"><span style=\"color: #000000;\"><span style=\"font-family: Verdana, Arial, Helvetica, sans-serif;\"><b>Fargoz \u2013 Telemercadeo<\/b><\/span><\/span><\/td>\n<td width=\"73%\"><span style=\"font-family: Verdana, Arial, Helvetica, sans-serif; color: #000000;\">Sistema de Telemercadeo y Cotizaciones.<\/span><\/td>\n<\/tr>\n<tr>\n<td width=\"27%\"><span style=\"color: #000000;\"><span style=\"font-family: Verdana, Arial, Helvetica, sans-serif;\"><b>Fargoz &#8211; Mesas<\/b><\/span><\/span><\/td>\n<td width=\"73%\"><span style=\"font-family: Verdana, Arial, Helvetica, sans-serif; color: #000000;\">Sistema de Atenci\u00f3n de Mesas<\/span><\/td>\n<\/tr>\n<tr>\n<td width=\"27%\"><span style=\"color: #000000;\"><span style=\"font-family: Verdana, Arial, Helvetica, sans-serif;\"><b>Fargoz &#8211; Chequera<\/b><\/span><\/span><\/td>\n<td width=\"73%\"><span style=\"font-family: Verdana, Arial, Helvetica, sans-serif; color: #000000;\">Sistema de Impresi\u00f3n de Cheques (Cualquier Formato)<\/span><\/td>\n<\/tr>\n<tr>\n<td width=\"27%\"><span style=\"color: #000000;\"><span style=\"font-family: Verdana, Arial, Helvetica, sans-serif;\"><b>Fargoz &#8211; DriveerSIIGO<\/b><\/span><\/span><\/td>\n<td width=\"73%\"><span style=\"font-family: Verdana, Arial, Helvetica, sans-serif; color: #000000;\">Sistema De Interfaz Contable a Siigo<\/span><\/td>\n<\/tr>\n<tr>\n<td width=\"27%\"><span style=\"color: #000000;\"><span style=\"font-family: Verdana, Arial, Helvetica, sans-serif;\"><b>Fargoz &#8211; DriveerComodin<\/b><\/span><\/span><\/td>\n<td width=\"73%\"><span style=\"font-family: Verdana, Arial, Helvetica, sans-serif; color: #000000;\">Sistema De Interfaz Contable a Comod\u00edn<\/span><\/td>\n<\/tr>\n<tr>\n<td width=\"27%\" height=\"41\"><span style=\"color: #000000;\"><span style=\"font-family: Verdana, Arial, Helvetica, sans-serif;\"><b>Fargoz &#8211; DriveerOasis<\/b><\/span><\/span><\/td>\n<td width=\"73%\"><span style=\"font-family: Verdana, Arial, Helvetica, sans-serif; color: #000000;\">Sistema de Interfaz Contable con Oasis<\/span><\/td>\n<\/tr>\n<tr>\n<td width=\"27%\"><span style=\"color: #000000;\"><span style=\"font-family: Verdana, Arial, Helvetica, sans-serif;\"><b>Fargoz &#8211; DriveerDMS<\/b><\/span><\/span><\/td>\n<td width=\"73%\"><span style=\"font-family: Verdana, Arial, Helvetica, sans-serif; color: #000000;\">Sistema De Interfaz Contable a DMS<\/span><\/td>\n<\/tr>\n<tr>\n<td width=\"27%\"><span style=\"color: #000000;\"><span style=\"font-family: Verdana, Arial, Helvetica, sans-serif;\"><b>Fargoz \u2013 Manager<\/b><\/span><\/span><\/td>\n<td width=\"73%\"><span style=\"font-family: Verdana, Arial, Helvetica, sans-serif; color: #000000;\">El Primer Software Generado Para Usuarios EXPERTOS. (Programas Fuentes del Sistema)<\/span><\/td>\n<\/tr>\n<tr>\n<td width=\"27%\"><span style=\"color: #000000;\"><span style=\"font-family: Verdana, Arial, Helvetica, sans-serif;\"><b>Fargoz &#8211; SytemABC<\/b><\/span><\/span><\/td>\n<td width=\"73%\"><span style=\"font-family: Verdana, Arial, Helvetica, sans-serif; color: #000000;\">Permite manejar de una Manera Efectiva el Inventario a trav\u00e9s de calificaci\u00f3n de los productos. ABCD<\/span><\/td>\n<\/tr>\n<tr>\n<td width=\"27%\"><span style=\"color: #000000;\"><span style=\"font-family: Verdana, Arial, Helvetica, sans-serif;\"><b style=\"color: #000000; font-family: Verdana, Arial, Helvetica, sans-serif;\">Fargoz Gerencial (<\/b><span style=\"color: #000000; font-family: Verdana, Arial, Helvetica, sans-serif;\"><b>An\u00e1lisis<\/b><\/span><b style=\"color: #000000; font-family: Verdana, Arial, Helvetica, sans-serif;\"> de transacciones)<\/b><\/span><\/span><\/td>\n<td width=\"73%\"><span style=\"font-family: Verdana, Arial, Helvetica, sans-serif; color: #000000;\">Software de An\u00e1lisis Empresarial, Permite Manejar Todas Las estad\u00edsticas del Sistema al Igual que ver la Informaci\u00f3n A trav\u00e9s de Gr\u00e1ficas en Barras, en Torta, Lineales Etc.<\/span><\/td>\n<\/tr>\n<tr>\n<td width=\"27%\"><span style=\"color: #000000;\"><span style=\"font-family: Verdana, Arial, Helvetica, sans-serif;\"><b>Fargoz Parab\u00f3lica<\/b><\/span><\/span><\/td>\n<td width=\"73%\"><span style=\"font-family: Verdana, Arial, Helvetica, sans-serif; color: #000000;\">Permite el manejo Administrativo del \u00e1rea de Gesti\u00f3n de Parab\u00f3licas.<\/span><\/td>\n<\/tr>\n<tr>\n<td width=\"27%\"><span style=\"color: #000000;\"><span style=\"font-family: Verdana, Arial, Helvetica, sans-serif;\"><b style=\"color: #000000; font-family: Verdana, Arial, Helvetica, sans-serif;\">Fargoz Panadero (<\/b><span style=\"color: #000000; font-family: Verdana, Arial, Helvetica, sans-serif;\"><b>Producci\u00f3n<\/b><\/span><b style=\"color: #000000; font-family: Verdana, Arial, Helvetica, sans-serif;\">\u00a0<\/b><span style=\"color: #000000; font-family: Verdana, Arial, Helvetica, sans-serif;\"><b>b\u00e1sica<\/b><\/span><b style=\"color: #000000; font-family: Verdana, Arial, Helvetica, sans-serif;\">)<\/b><\/span><\/span><\/td>\n<td width=\"73%\"><span style=\"font-family: Verdana, Arial, Helvetica, sans-serif; color: #000000;\">Software Para panader\u00edas en (Inventarios, Formulaci\u00f3n, y Producci\u00f3n)<\/span><\/td>\n<\/tr>\n<tr>\n<td width=\"27%\"><span style=\"color: #000000;\"><span style=\"font-family: Verdana, Arial, Helvetica, sans-serif;\"><b>FargozDroid<\/b><\/span><\/span><\/td>\n<td width=\"73%\"><span style=\"font-family: Verdana, Arial, Helvetica, sans-serif; color: #000000;\">Software para Fuerza de Venta en Android (m\u00f3viles,tablets,relojes, etc). (pedidos y recaudos desde el m\u00f3vil)<\/span><\/td>\n<\/tr>\n<tr>\n<td width=\"27%\"><span style=\"color: #000000;\"><span style=\"font-family: Verdana, Arial, Helvetica, sans-serif;\"><b>FargozMPC<\/b><\/span><\/span><\/td>\n<td width=\"73%\"><span style=\"font-family: Verdana, Arial, Helvetica, sans-serif; color: #000000;\">Software toma f\u00edsica y chequeo de precios desde el M\u00f3vil, Tablets, etc (android)<\/span><\/td>\n<\/tr>\n<tr>\n<td width=\"27%\"><span style=\"color: #000000;\"><span style=\"font-family: Verdana, Arial, Helvetica, sans-serif;\"><b>FargozComunicator<\/b><\/span><\/span><\/td>\n<td width=\"73%\"><span style=\"font-family: Verdana, Arial, Helvetica, sans-serif; color: #000000;\">Permite la Administrador Efectiva de la Fuerza de Ventas y Fargoz Comercial, por medio del Nube.<\/span><\/td>\n<\/tr>\n<tr>\n<td width=\"27%\"><span style=\"color: #000000;\"><span style=\"font-family: Verdana, Arial, Helvetica, sans-serif;\"><b>Fargoz Validador documentos<\/b><\/span><\/span><\/td>\n<td width=\"73%\"><span style=\"font-family: Verdana, Arial, Helvetica, sans-serif; color: #000000;\">Software para recibo y despacho de mercanc\u00eda con validaci\u00f3n previa.<\/span><\/td>\n<\/tr>\n<tr>\n<td width=\"27%\"><span style=\"color: #000000;\"><span style=\"font-family: Verdana, Arial, Helvetica, sans-serif;\"><b>Fargoz Proveedor Remoto<\/b><\/span><\/span><\/td>\n<td width=\"73%\"><span style=\"font-family: Verdana, Arial, Helvetica, sans-serif; color: #000000;\">Software que manejan los proveedores para hacer sugeridos de pedidos. (llega a fargoz mediante la nube)<\/span><\/td>\n<\/tr>\n<tr>\n<td width=\"27%\"><span style=\"color: #000000;\"><span style=\"font-family: Verdana, Arial, Helvetica, sans-serif;\"><b style=\"color: #000000; font-family: Verdana, Arial, Helvetica, sans-serif;\">Fargoz <\/b><span style=\"color: #000000; font-family: Verdana, Arial, Helvetica, sans-serif;\"><b>Facturaci\u00f3n<\/b><\/span><b style=\"color: #000000; font-family: Verdana, Arial, Helvetica, sans-serif;\">\u00a0<\/b><span style=\"color: #000000; font-family: Verdana, Arial, Helvetica, sans-serif;\"><b>Autom\u00e1tica<\/b><\/span><b style=\"color: #000000; font-family: Verdana, Arial, Helvetica, sans-serif;\">\u00a0<\/b><\/span><\/span><\/td>\n<td width=\"73%\"><span style=\"font-family: Verdana, Arial, Helvetica, sans-serif; color: #000000;\">Software para generar facturaci\u00f3n autom\u00e1tica a partir de la fuerza de venta.<\/span><\/td>\n<\/tr>\n<\/tbody>\n<\/table>\n<p style=\"text-align: justify;\" align=\"justify\"><span style=\"color: #000000;\"><strong>Impresora de Punto de Venta (T\u00e9rmica, o Matrix ) con conexi\u00f3n a Puerto paralelo.<\/strong><\/span><\/p>\n<p style=\"text-align: justify;\" align=\"justify\"><span style=\"color: #000000;\"><strong>Caj\u00f3n Monedero ( Con conexi\u00f3n a Impresora RJ45)<\/strong><\/span><\/p>\n<p style=\"text-align: justify;\" align=\"justify\"><span style=\"color: #000000;\"><strong>UPS ( para protecci\u00f3n El\u00e9ctrica, por Falla de Energ\u00eda)<\/strong><\/span><\/p>\n<p style=\"text-align: justify;\" align=\"justify\"><span style=\"color: #000000;\"><strong>Regulador de Voltaje<\/strong><\/span><\/p>\n<\/div>\n<\/div>\n<\/div>\n<div id=\"panel-71-0-0-1\" class=\"so-panel widget widget_sow-editor panel-last-child\" data-index=\"1\" data-style=\"{&quot;background_image_attachment&quot;:false,&quot;background_display&quot;:&quot;tile&quot;}\" >\n<div class=\"so-widget-sow-editor so-widget-sow-editor-base\">\n<div class=\"siteorigin-widget-tinymce textwidget\">\n<ul>\n<li>\n<h5 style=\"text-align: justify;\"><strong><span style=\"color: #000000;\"><a style=\"color: #000000;\" href=\"http:\/\/www.fargoz.com\/doctos\/requerimientosmaquina.pdf\" target=\"_blank\" rel=\"noopener noreferrer\">Documentos de Requerimientos de Maquina<\/a><\/span><\/strong><\/h5>\n<\/li>\n<li style=\"text-align: justify;\">\n<h5><strong><span style=\"color: #000000;\"><a style=\"color: #000000;\" href=\"http:\/\/www.fargoz.com\/doctos\/fargoz2015.pdf\" target=\"_blank\" rel=\"noopener noreferrer\">Informaci\u00f3n Completa de Fargoz (PDF)<\/a><\/span><\/strong><\/h5>\n<\/li>\n<li style=\"text-align: justify;\">\n<h5><strong><span style=\"color: #000000;\"><a style=\"color: #000000;\" href=\"http:\/\/www.fargoz.com\/doctos\/licencias.pdf\" target=\"_blank\" rel=\"noopener noreferrer\">Licencia de uso fargoz comercial<\/a><\/span><\/strong><\/h5>\n<\/li>\n<li>\n<h5 style=\"text-align: justify;\"><strong><span style=\"color: #000000;\"><a style=\"color: #000000;\" href=\"http:\/\/www.fargoz.com\/doctos\/estructuras.pdf\" target=\"_blank\" rel=\"noopener noreferrer\">Estructuras B\u00e1sicas fargoz (migraci\u00f3n)<\/a><\/span><\/strong><\/h5>\n<\/li>\n<li>\n<h4><a href=\"http:\/\/www.fargoz.com\/doctos\/Equipofargoz.pdf\"><strong>Equipo Fargoz<\/strong> <\/a><\/h4>\n<\/li>\n<li><a href=\"http:\/\/www.fargoz.com\/doctos\/integracion.pdf\"><strong>Integracion de aplicaciones<\/strong><\/a><\/li>\n<\/ul>\n<\/div>\n<\/div>\n<\/div>\n<\/div>\n<\/div>\n<\/div>\n","protected":false},"excerpt":{"rendered":"<p>Nuestro compromiso con los Usuarios es ir innovando y generando nuevas herramientas que ayuden o faciliten el trabajo empresarial, Somos una empresa que a trav\u00e9s de estos a\u00f1os ha adquirido experiencia en desarrollo de Software con una calidad, que es certificada por nuestros mismos clientes. A continuaci\u00f3n se Enumeran algunas<\/p>\n","protected":false},"author":1,"featured_media":283,"parent":20,"menu_order":9,"comment_status":"closed","ping_status":"closed","template":"","meta":{"footnotes":""},"class_list":["post-71","page","type-page","status-publish","has-post-thumbnail","hentry"],"_links":{"self":[{"href":"https:\/\/www.fmovil.co\/index.php\/wp-json\/wp\/v2\/pages\/71","targetHints":{"allow":["GET"]}}],"collection":[{"href":"https:\/\/www.fmovil.co\/index.php\/wp-json\/wp\/v2\/pages"}],"about":[{"href":"https:\/\/www.fmovil.co\/index.php\/wp-json\/wp\/v2\/types\/page"}],"author":[{"embeddable":true,"href":"https:\/\/www.fmovil.co\/index.php\/wp-json\/wp\/v2\/users\/1"}],"replies":[{"embeddable":true,"href":"https:\/\/www.fmovil.co\/index.php\/wp-json\/wp\/v2\/comments?post=71"}],"version-history":[{"count":0,"href":"https:\/\/www.fmovil.co\/index.php\/wp-json\/wp\/v2\/pages\/71\/revisions"}],"up":[{"embeddable":true,"href":"https:\/\/www.fmovil.co\/index.php\/wp-json\/wp\/v2\/pages\/20"}],"wp:featuredmedia":[{"embeddable":true,"href":"https:\/\/www.fmovil.co\/index.php\/wp-json\/wp\/v2\/media\/283"}],"wp:attachment":[{"href":"https:\/\/www.fmovil.co\/index.php\/wp-json\/wp\/v2\/media?parent=71"}],"curies":[{"name":"wp","href":"https:\/\/api.w.org\/{rel}","templated":true}]}}