{"id":69,"date":"2015-10-29T12:34:02","date_gmt":"2015-10-29T17:34:02","guid":{"rendered":"http:\/\/medesoft.co\/eliza\/?page_id=69"},"modified":"2015-10-29T12:34:02","modified_gmt":"2015-10-29T17:34:02","slug":"fargoz-parabolica","status":"publish","type":"page","link":"https:\/\/www.fmovil.co\/index.php\/productos\/fargoz-parabolica\/","title":{"rendered":"Fargoz Parab\u00f3lica"},"content":{"rendered":"<p style=\"text-align: justify;\"><span style=\"color: #000000;\">Software Desarrollado para el manejo de la gesti\u00f3n administrativa de una empresa prestadora de servicios de televisi\u00f3n por cable.<\/span><\/p>\n<hr \/>\n<p style=\"text-align: justify;\"><span style=\"color: #000000;\">Este software esta orientado principalmente al manejo administrativo de una parab\u00f3lica, Permite definici\u00f3n libre de servicios o productos a facturar, al igual que configuraci\u00f3n de paquetes b\u00e1sicos, especiales, combinaciones y muchos conceptos de facturaci\u00f3n.<\/span><\/p>\n<p style=\"text-align: justify;\"><span style=\"color: #000000;\">Genera facturaci\u00f3n Autom\u00e1tica para los clientes Suscriptores, permite manejar tipos de suscriptores, Como Residencial, comercial, Educativos, etc.<\/span><\/p>\n<p style=\"text-align: justify;\"><span style=\"color: #000000;\">Tambi\u00e9n permite manejar autom\u00e1ticamente los estados del suscriptor como son : Suspendidos, excluidos, Guardados por Temporadas, Donaciones, Inactivos, etc.<\/span><\/p>\n<p style=\"text-align: justify;\"><span style=\"color: #000000;\">Permite Definici\u00f3n de Rutas de Repartici\u00f3n de correspondencia y Facturaci\u00f3n.<\/span><br \/>\n<span style=\"color: #000000;\"> Definici\u00f3n Libre de Suspensi\u00f3n por N\u00famero de Cuotas sin Pagar.<\/span><\/p>\n<p style=\"text-align: justify;\"><span style=\"color: #000000;\">Reportes de Cartera, manejo de Notas D\u00e9bito\/Cr\u00e9dito, Recibos de Caja, estados de cartera y M\u00faltiples reportes de Cartera y Facturaci\u00f3n.<\/span><\/p>\n<p style=\"text-align: justify;\"><span style=\"color: #000000;\">Formato de Factura Pre-Impresa.<\/span><br \/>\n<span style=\"color: #000000;\"> Manejo de Aniversario o Cumplea\u00f1os de los Suscriptores.<\/span><\/p>\n<p style=\"text-align: justify;\"><span style=\"color: #000000;\"><strong>OTRAS CARACTER\u00cdSTICAS<\/strong><\/span><\/p>\n<p style=\"text-align: justify;\"><span style=\"color: #000000;\">Manejo de Factura Pre-impresa.<\/span><\/p>\n<p style=\"text-align: justify;\"><span style=\"color: #000000;\">Tiene un Peque\u00f1o Modulo de Manejo de Ordenes de Servicio, Donde se reportan las eventualidades que pasan con los suscriptores. Y el servicio que los t\u00e9cnicos deben de hacer, sale ordenad por Rutas.<\/span><\/p>\n<p style=\"text-align: justify;\"><span style=\"color: #000000;\">Tiene Modulo de Administraci\u00f3n de Claves de Acceso, para los usuarios.<\/span><\/p>\n<p style=\"text-align: justify;\"><span style=\"color: #000000;\">Modulo de Detalles t\u00e9cnicos para hacerle mantenimiento a la aplicaci\u00f3n.<\/span><\/p>\n","protected":false},"excerpt":{"rendered":"<p>Software Desarrollado para el manejo de la gesti\u00f3n administrativa de una empresa prestadora de servicios de televisi\u00f3n por cable. Este software esta orientado principalmente al manejo administrativo de una parab\u00f3lica, Permite definici\u00f3n libre de servicios o productos a facturar, al igual que configuraci\u00f3n de paquetes b\u00e1sicos, especiales, combinaciones y muchos<\/p>\n","protected":false},"author":1,"featured_media":0,"parent":20,"menu_order":8,"comment_status":"closed","ping_status":"closed","template":"","meta":{"footnotes":""},"class_list":["post-69","page","type-page","status-publish","hentry"],"_links":{"self":[{"href":"https:\/\/www.fmovil.co\/index.php\/wp-json\/wp\/v2\/pages\/69","targetHints":{"allow":["GET"]}}],"collection":[{"href":"https:\/\/www.fmovil.co\/index.php\/wp-json\/wp\/v2\/pages"}],"about":[{"href":"https:\/\/www.fmovil.co\/index.php\/wp-json\/wp\/v2\/types\/page"}],"author":[{"embeddable":true,"href":"https:\/\/www.fmovil.co\/index.php\/wp-json\/wp\/v2\/users\/1"}],"replies":[{"embeddable":true,"href":"https:\/\/www.fmovil.co\/index.php\/wp-json\/wp\/v2\/comments?post=69"}],"version-history":[{"count":0,"href":"https:\/\/www.fmovil.co\/index.php\/wp-json\/wp\/v2\/pages\/69\/revisions"}],"up":[{"embeddable":true,"href":"https:\/\/www.fmovil.co\/index.php\/wp-json\/wp\/v2\/pages\/20"}],"wp:attachment":[{"href":"https:\/\/www.fmovil.co\/index.php\/wp-json\/wp\/v2\/media?parent=69"}],"curies":[{"name":"wp","href":"https:\/\/api.w.org\/{rel}","templated":true}]}}