{"id":67,"date":"2015-11-03T11:51:48","date_gmt":"2015-11-03T16:51:48","guid":{"rendered":"http:\/\/medesoft.co\/eliza\/?page_id=67"},"modified":"2015-11-03T11:51:48","modified_gmt":"2015-11-03T16:51:48","slug":"fargoz-produccion","status":"publish","type":"page","link":"https:\/\/www.fmovil.co\/index.php\/productos\/fargoz-produccion\/","title":{"rendered":"Fargoz Producci\u00f3n"},"content":{"rendered":"<p style=\"text-align: justify;\"><span style=\"color: #000000;\">Este es el Ultimo software desarrollado por Nuestra empresa, y Permite Manejar el Inventario de productos Terminado , como el Inventario de Materia Prima.<\/span><\/p>\n<p style=\"text-align: justify;\"><span style=\"color: #000000;\">Maneja los diferentes procesos de una panader\u00eda, al igual que su formulaci\u00f3n detallada para la fabricaci\u00f3n de nuevos productos, puede generar reportes de los estados de producci\u00f3n.<\/span><\/p>\n<p style=\"text-align: justify;\"><span style=\"color: #000000;\">Permite Manejar m\u00faltiples tipos de Movimientos para inventarios, calcul\u00f3 autom\u00e1tico de Ordenes de Producci\u00f3n, Maneja ordenes de compra para proveedores.<\/span><\/p>\n<p style=\"text-align: justify;\"><span style=\"color: #000000;\"><strong>Otras Caracter\u00edsticas<\/strong><\/span><\/p>\n<p style=\"text-align: justify;\"><span style=\"color: #000000;\">Genera mas de 8.000 reportes de Inventarios, que se puede realizar atraves del generador de reportes.<\/span><\/p>\n<p style=\"text-align: justify;\"><span style=\"color: #000000;\">Permisos de usuarios, calculadora de Conversiones.<\/span><br \/>\n<span style=\"color: #000000;\"> Definiciones Libre de par\u00e1metros.<\/span><\/p>\n","protected":false},"excerpt":{"rendered":"<p>Este es el Ultimo software desarrollado por Nuestra empresa, y Permite Manejar el Inventario de productos Terminado , como el Inventario de Materia Prima. Maneja los diferentes procesos de una panader\u00eda, al igual que su formulaci\u00f3n detallada para la fabricaci\u00f3n de nuevos productos, puede generar reportes de los estados de<\/p>\n","protected":false},"author":1,"featured_media":0,"parent":20,"menu_order":7,"comment_status":"closed","ping_status":"closed","template":"","meta":{"footnotes":""},"class_list":["post-67","page","type-page","status-publish","hentry"],"_links":{"self":[{"href":"https:\/\/www.fmovil.co\/index.php\/wp-json\/wp\/v2\/pages\/67","targetHints":{"allow":["GET"]}}],"collection":[{"href":"https:\/\/www.fmovil.co\/index.php\/wp-json\/wp\/v2\/pages"}],"about":[{"href":"https:\/\/www.fmovil.co\/index.php\/wp-json\/wp\/v2\/types\/page"}],"author":[{"embeddable":true,"href":"https:\/\/www.fmovil.co\/index.php\/wp-json\/wp\/v2\/users\/1"}],"replies":[{"embeddable":true,"href":"https:\/\/www.fmovil.co\/index.php\/wp-json\/wp\/v2\/comments?post=67"}],"version-history":[{"count":0,"href":"https:\/\/www.fmovil.co\/index.php\/wp-json\/wp\/v2\/pages\/67\/revisions"}],"up":[{"embeddable":true,"href":"https:\/\/www.fmovil.co\/index.php\/wp-json\/wp\/v2\/pages\/20"}],"wp:attachment":[{"href":"https:\/\/www.fmovil.co\/index.php\/wp-json\/wp\/v2\/media?parent=67"}],"curies":[{"name":"wp","href":"https:\/\/api.w.org\/{rel}","templated":true}]}}