{"id":65,"date":"2015-11-03T12:15:16","date_gmt":"2015-11-03T17:15:16","guid":{"rendered":"http:\/\/medesoft.co\/eliza\/?page_id=65"},"modified":"2015-11-03T12:15:16","modified_gmt":"2015-11-03T17:15:16","slug":"fargoz-movil","status":"publish","type":"page","link":"https:\/\/www.fmovil.co\/index.php\/productos\/fargoz-movil\/","title":{"rendered":"Fargoz M\u00f3vil"},"content":{"rendered":"<h2 class=\"art-postheader\" style=\"text-align: justify;\"><span style=\"color: #000000;\"><a style=\"color: #000000;\" href=\"https:\/\/www.fmovil.co\/wp-content\/uploads\/2015\/11\/Screenshot_2015-11-27-13-59-371.png\"><img loading=\"lazy\" decoding=\"async\" class=\"size-medium wp-image-288 alignright\" src=\"https:\/\/www.fmovil.co\/wp-content\/uploads\/2015\/11\/Screenshot_2015-11-27-13-59-371-169x300.png\" alt=\"Screenshot_2015-11-27-13-59-37\" width=\"169\" height=\"300\" srcset=\"https:\/\/www.fmovil.co\/wp-content\/uploads\/2015\/11\/Screenshot_2015-11-27-13-59-371-169x300.png 169w, https:\/\/www.fmovil.co\/wp-content\/uploads\/2015\/11\/Screenshot_2015-11-27-13-59-371.png 300w\" sizes=\"auto, (max-width: 169px) 100vw, 169px\" \/><\/a>FargozDroid<\/span><\/h2>\n<div class=\"cleared\" style=\"text-align: justify;\">\n<p><span style=\"color: #000000;\">Es un Programa\u00a0M\u00f3vil para el sistema Operativo Android , que permite la recolecci\u00f3n de datos de los vendedores con los clientes a nivel de pedidos, Se comunica constantemente con\u00a0Fargoz Comunicator, con el fin de estarle informando de novedades.<\/span><\/p>\n<p><span style=\"color: #000000;\">El vendedor Puede tener la informaci\u00f3n de sus clientes, su cartera, su catalogo de art\u00edculos y hacer m\u00faltiples pedidos al mismo cliente con diferente documento, la ventaja de este es que no necesariamente debe estar siempre en linea o con conexi\u00f3n a Internet permanente, \u00a0Se puede programar para que en caso de una novedad, importante, envi\u00e9 un mensaje de texto autom\u00e1tico, al celular de una persona encargada del \u00e1rea administrativa sin que el vendedor se de cuenta.<\/span><\/p>\n<\/div>\n<div class=\"art-postcontent\" style=\"text-align: justify;\"><span style=\"color: #000000;\">\u00a0<\/span><\/div>\n<h2 class=\"art-postheader\" style=\"text-align: justify;\"><span style=\"color: #000000;\">Fargoz Comunicator Server (Windows)<\/span><\/h2>\n<div class=\"art-postcontent\" style=\"text-align: justify;\">\n<p><span style=\"color: #000000;\">Sistema Inteligente para administraci\u00f3n , recepci\u00f3n y envi\u00f3 de datos a cada m\u00f3vil, o sistema pad, desde un punto central.<\/span><\/p>\n<p><span style=\"color: #000000;\">Es un Sistema Totalmente Aut\u00f3nomo, que con unos par\u00e1metros iniciales, sera capaz de administrar toda la informaci\u00f3n que requiere la fuerza de ventas. Desde envi\u00f3 de cat\u00e1logos, cartera, clientes, y otros archivos importantes.<\/span><\/p>\n<p><span style=\"color: #000000;\">Administra en linea donde est\u00e1n los vendedores, a quien est\u00e1n atendiendo, que pedidos llevan, y se encarga de avisarle al vendedor que debe enviar sus pedidos listos a determinada hora, en caso de esto no hacerlo, autom\u00e1ticamente enviara, los pedidos realizados por este.<\/span><\/p>\n<\/div>\n<p class=\"western\" style=\"text-align: justify;\" align=\"JUSTIFY\"><span style=\"color: #000000;\"><strong>Estos Sistemas se integran 100% con fargoz Comercial.<\/strong><\/span><\/p>\n","protected":false},"excerpt":{"rendered":"<p>FargozDroid Es un Programa\u00a0M\u00f3vil para el sistema Operativo Android , que permite la recolecci\u00f3n de datos de los vendedores con los clientes a nivel de pedidos, Se comunica constantemente con\u00a0Fargoz Comunicator, con el fin de estarle informando de novedades. El vendedor Puede tener la informaci\u00f3n de sus clientes, su cartera,<\/p>\n","protected":false},"author":1,"featured_media":0,"parent":20,"menu_order":6,"comment_status":"closed","ping_status":"closed","template":"","meta":{"footnotes":""},"class_list":["post-65","page","type-page","status-publish","hentry"],"_links":{"self":[{"href":"https:\/\/www.fmovil.co\/index.php\/wp-json\/wp\/v2\/pages\/65","targetHints":{"allow":["GET"]}}],"collection":[{"href":"https:\/\/www.fmovil.co\/index.php\/wp-json\/wp\/v2\/pages"}],"about":[{"href":"https:\/\/www.fmovil.co\/index.php\/wp-json\/wp\/v2\/types\/page"}],"author":[{"embeddable":true,"href":"https:\/\/www.fmovil.co\/index.php\/wp-json\/wp\/v2\/users\/1"}],"replies":[{"embeddable":true,"href":"https:\/\/www.fmovil.co\/index.php\/wp-json\/wp\/v2\/comments?post=65"}],"version-history":[{"count":0,"href":"https:\/\/www.fmovil.co\/index.php\/wp-json\/wp\/v2\/pages\/65\/revisions"}],"up":[{"embeddable":true,"href":"https:\/\/www.fmovil.co\/index.php\/wp-json\/wp\/v2\/pages\/20"}],"wp:attachment":[{"href":"https:\/\/www.fmovil.co\/index.php\/wp-json\/wp\/v2\/media?parent=65"}],"curies":[{"name":"wp","href":"https:\/\/api.w.org\/{rel}","templated":true}]}}