{"id":63,"date":"2015-10-27T16:20:55","date_gmt":"2015-10-27T21:20:55","guid":{"rendered":"http:\/\/medesoft.co\/eliza\/?page_id=63"},"modified":"2015-10-27T16:20:55","modified_gmt":"2015-10-27T21:20:55","slug":"fargoz-telemercadeo","status":"publish","type":"page","link":"https:\/\/www.fmovil.co\/index.php\/productos\/fargoz-telemercadeo\/","title":{"rendered":"Fargoz Telemercadeo"},"content":{"rendered":"<p style=\"text-align: justify;\"><span style=\"color: #000000;\"><a style=\"color: #000000;\" href=\"http:\/\/fargoz.com\/wp-content\/uploads\/2015\/11\/telemercadeo01.jpg\"><img loading=\"lazy\" decoding=\"async\" class=\"wp-image-156 size-full alignright\" src=\"http:\/\/fargoz.com\/wp-content\/uploads\/2015\/11\/telemercadeo01.jpg\" alt=\"telemercadeo01\" width=\"488\" height=\"305\" srcset=\"https:\/\/www.fmovil.co\/wp-content\/uploads\/2015\/11\/telemercadeo01.jpg 488w, https:\/\/www.fmovil.co\/wp-content\/uploads\/2015\/11\/telemercadeo01-300x188.jpg 300w\" sizes=\"auto, (max-width: 488px) 100vw, 488px\" \/><\/a>Mediante el M\u00f3dulo de Telemercadeo se pueden realizar documentos tales como Las Ordenes de Compra, Cotizaciones y Pedidos.<\/span><br \/>\n<span style=\"color: #000000;\"> Estos documentos son guardados en el sistema para tomarlos posteriormente desde la aplicaci\u00f3n que los necesite, como por ejemplo una cotizaci\u00f3n es tomada por el m\u00f3dulo de cartera o una orden de compra es tomada por el m\u00f3dulo de compras, sin necesidad de volver a digitar la informaci\u00f3n, esto hace que los procesos sean mucho m\u00e1s r\u00e1pidos y la informaci\u00f3n m\u00e1s confiable.<\/span><\/p>\n<p style=\"text-align: justify;\"><span style=\"color: #000000;\">Este m\u00f3dulo cuenta con un men\u00fa donde:<\/span><\/p>\n<ul style=\"text-align: justify;\">\n<li><span style=\"color: #000000;\">Se tiene la oportunidad de grabar una cotizaci\u00f3n como un pedido.<\/span><\/li>\n<li><span style=\"color: #000000;\">Chequea las existencias de los productos para controlar y evitar errores al momento de las ventas.<\/span><\/li>\n<li><span style=\"color: #000000;\">Genera reportes de los documentos realizados tales como Ordenes de Compra, Cotizaciones o Pedidos.<\/span><\/li>\n<li><span style=\"color: #000000;\">Cuenta con una agenda para programar las llamadas, la cual se activa al entrar a elaborar un documento, avisando cuando hay pendientes en la fecha actual.<\/span><\/li>\n<li><span style=\"color: #000000;\">Genera reportes de pedidos pendientes por despachar y que no han sido facturados.<\/span><\/li>\n<li><span style=\"color: #000000;\">Permite marcaci\u00f3n autom\u00e1tica del Tel\u00e9fono, Mediante un catalogo de Clientes.<\/span>\n<ol>\n<li><span style=\"color: #000000;\">Maneja Operadoras Telef\u00f3nicas y asignaci\u00f3n de tareas.<\/span><\/li>\n<li><span style=\"color: #000000;\">Maneja Eventos de Llamadas Es decir en un Gesti\u00f3n de Ventas Cuantas veces el Tel\u00e9fono estaba ocupado, Cuantas llamadas fueron exitosas, Cuantas Respondi\u00f3 un contestador, Cuantas la persona no estaba, y Muchas otros eventos, que miden el rendimiento de la operadora.<\/span><\/li>\n<li><span style=\"color: #000000;\">En las ordenes de compra el comprador puede Bajar autom\u00e1ticamente al documento todos los productos del proveedor para hacer su respectiva orden, tambi\u00e9n puede manejar N costos por producto y por proveedor , es decir un articulo lo pueden Vender cientos de proveedor y todos a costos diferentes el sistema le puede manejar todo esta infraestructura, Tambi\u00e9n permite Mirar en el mismo documento el comportamiento que ha tenido el producto a comprar, durante los \u00faltimos 12 meses, tanto en entradas como salidas mes a mes, convirti\u00e9ndose as\u00ed en una excelente herramienta para comprar, o vender.<\/span><\/li>\n<\/ol>\n<\/li>\n<\/ul>\n<p style=\"text-align: justify;\"><span style=\"color: #000000;\">Tambi\u00e9n Reporta en pantalla, cuando fue la ultima vez que se compro el producto , a quien se le compro a que costo, cuando fue la ultima vez que se vendi\u00f3 en punto de venta, cuanto hay en existencias, como ha rotado con respecto al a\u00f1o anterior, y este a\u00f1o, al igual que mirar el comparativo con productos del mismo grupo.<\/span><\/p>\n","protected":false},"excerpt":{"rendered":"<p>Mediante el M\u00f3dulo de Telemercadeo se pueden realizar documentos tales como Las Ordenes de Compra, Cotizaciones y Pedidos. Estos documentos son guardados en el sistema para tomarlos posteriormente desde la aplicaci\u00f3n que los necesite, como por ejemplo una cotizaci\u00f3n es tomada por el m\u00f3dulo de cartera o una orden de<\/p>\n","protected":false},"author":1,"featured_media":0,"parent":20,"menu_order":5,"comment_status":"closed","ping_status":"closed","template":"","meta":{"footnotes":""},"class_list":["post-63","page","type-page","status-publish","hentry"],"_links":{"self":[{"href":"https:\/\/www.fmovil.co\/index.php\/wp-json\/wp\/v2\/pages\/63","targetHints":{"allow":["GET"]}}],"collection":[{"href":"https:\/\/www.fmovil.co\/index.php\/wp-json\/wp\/v2\/pages"}],"about":[{"href":"https:\/\/www.fmovil.co\/index.php\/wp-json\/wp\/v2\/types\/page"}],"author":[{"embeddable":true,"href":"https:\/\/www.fmovil.co\/index.php\/wp-json\/wp\/v2\/users\/1"}],"replies":[{"embeddable":true,"href":"https:\/\/www.fmovil.co\/index.php\/wp-json\/wp\/v2\/comments?post=63"}],"version-history":[{"count":0,"href":"https:\/\/www.fmovil.co\/index.php\/wp-json\/wp\/v2\/pages\/63\/revisions"}],"up":[{"embeddable":true,"href":"https:\/\/www.fmovil.co\/index.php\/wp-json\/wp\/v2\/pages\/20"}],"wp:attachment":[{"href":"https:\/\/www.fmovil.co\/index.php\/wp-json\/wp\/v2\/media?parent=63"}],"curies":[{"name":"wp","href":"https:\/\/api.w.org\/{rel}","templated":true}]}}