{"id":61,"date":"2015-10-29T12:12:18","date_gmt":"2015-10-29T17:12:18","guid":{"rendered":"http:\/\/medesoft.co\/eliza\/?page_id=61"},"modified":"2015-10-29T12:12:18","modified_gmt":"2015-10-29T17:12:18","slug":"fargoz-cartera","status":"publish","type":"page","link":"https:\/\/www.fmovil.co\/index.php\/productos\/fargoz-cartera\/","title":{"rendered":"Fargoz Cartera"},"content":{"rendered":"<p style=\"text-align: justify;\" align=\"justify\"><span style=\"color: #000000;\">FARGOZ CARTERA O CLIENTES<a style=\"color: #000000;\" href=\"http:\/\/fargoz.com\/wp-content\/uploads\/2015\/11\/cartera01.jpg\"><img loading=\"lazy\" decoding=\"async\" class=\"alignright wp-image-151 size-full\" src=\"http:\/\/fargoz.com\/wp-content\/uploads\/2015\/11\/cartera01.jpg\" alt=\"Fargoz Cartera\" width=\"488\" height=\"346\" srcset=\"https:\/\/www.fmovil.co\/wp-content\/uploads\/2015\/11\/cartera01.jpg 488w, https:\/\/www.fmovil.co\/wp-content\/uploads\/2015\/11\/cartera01-300x213.jpg 300w\" sizes=\"auto, (max-width: 488px) 100vw, 488px\" \/><\/a><\/span><\/p>\n<p style=\"text-align: justify;\" align=\"justify\"><span style=\"color: #000000;\">El Sistema de Cartera ofrece:<\/span><\/p>\n<p style=\"text-align: justify;\" align=\"justify\"><span style=\"color: #000000;\">&#8211; Ventas a Cr\u00e9dito y de contado a Clientes<\/span><br \/>\n<span style=\"color: #000000;\"> &#8211; Maneja la Cuenta, Saldo por Cliente\u00a0y Factura<\/span><br \/>\n<span style=\"color: #000000;\"> &#8211; Abonos y Cancelaciones por Cliente<\/span><br \/>\n<span style=\"color: #000000;\"> &#8211; Movimientos de recibos de caja y notas<\/span><br \/>\n<span style=\"color: #000000;\"> &#8211; Notas d\u00e9bito y Cr\u00e9dito, adem\u00e1s otros tipos de movimientos configurables por el usuario.<\/span><br \/>\n<span style=\"color: #000000;\"> &#8211; Manejo de Cupo cr\u00e9dito<\/span><br \/>\n<span style=\"color: #000000;\"> &#8211; Informe General de Cuentas por Cobrar<\/span><br \/>\n<span style=\"color: #000000;\"> &#8211; Informe de Cuentas por Cobrar en orden Alfab\u00e9tico<\/span><br \/>\n<span style=\"color: #000000;\"> &#8211; Informe de Abonos por fechas<\/span><br \/>\n<span style=\"color: #000000;\"> &#8211; Informe de Vencimientos para cada Factura de Cliente<\/span><br \/>\n<span style=\"color: #000000;\"> &#8211; Informe de Vencimientos Alfab\u00e9tico<\/span><br \/>\n<span style=\"color: #000000;\"> &#8211; Informe de Vencimientos por Edades 0-3-,31-60,61-90, mas 90<\/span><br \/>\n<span style=\"color: #000000;\"> &#8211; Edici\u00f3n general de Clientes y cada Cuenta<\/span><br \/>\n<span style=\"color: #000000;\"> &#8211; Extracto de cuenta para cada Cliente<\/span><br \/>\n<span style=\"color: #000000;\"> &#8211; Clientes y Productos Facturados<\/span><br \/>\n<span style=\"color: #000000;\"> &#8211; Art\u00edculos Vendidos x Vendedor<\/span><br \/>\n<span style=\"color: #000000;\"> &#8211; Recibos de Caja, Abonos Entre Fecha, Recaudos por Vendedor<\/span><br \/>\n<span style=\"color: #000000;\"> &#8211; Informe de Formas de Pagos.<\/span><br \/>\n<span style=\"color: #000000;\"> &#8211; Informe de Bancos y corporaciones \/Abonos.<\/span><br \/>\n<span style=\"color: #000000;\"> &#8211; M\u00f3dulo estad\u00edstico de clientes , Ventas realizadas , Descuentos Otorgados Retenci\u00f3n en la fuente Practicada, IVA Generado, Durante los 12 Meses del A\u00f1o, Mes x Mes.<\/span><\/p>\n<p style=\"text-align: justify;\" align=\"justify\"><span style=\"color: #000000;\">El m\u00f3dulo de Cartera tambi\u00e9n cuenta con un potente generador de reportes, con el cual se pueden obtener los informes deseados manipulando los siguientes campos:<\/span><\/p>\n<p style=\"text-align: justify;\" align=\"justify\"><span style=\"color: #000000;\">* Manejo de Zonas \/ Subzonas<\/span><br \/>\n<span style=\"color: #000000;\"> * Manejo de Cumplea\u00f1os o Aniversario de Los Clientes<\/span><br \/>\n<span style=\"color: #000000;\"> * D\u00edas de Atenci\u00f3n en el cual hay que llamar los clientes.<\/span><br \/>\n<span style=\"color: #000000;\"> CAMPOS DISPONIBLES EN EL GENERADOR DE REPORTES CARTERA<\/span><\/p>\n<table width=\"601\" cellspacing=\"0\" cellpadding=\"2\">\n<colgroup>\n<col width=\"188\" \/>\n<col width=\"194\" \/>\n<col width=\"205\" \/> <\/colgroup>\n<tbody>\n<tr>\n<td colspan=\"3\" valign=\"top\" width=\"595\">\n<p align=\"justify\"><span style=\"font-family: Arial, sans-serif;\"><span style=\"font-size: medium;\"><br \/>\nCampos datos clientes<\/span><\/span><\/p>\n<\/td>\n<\/tr>\n<tr valign=\"top\">\n<td width=\"188\">\n<p align=\"justify\"><span style=\"font-family: Arial, sans-serif;\"><span style=\"font-size: medium;\">C\u00f3digo o Nit del cliente<\/span><\/span><\/p>\n<\/td>\n<td width=\"194\">\n<p align=\"justify\"><span style=\"font-family: Arial, sans-serif;\"><span style=\"font-size: medium;\">Nombre del cliente<\/span><\/span><\/p>\n<\/td>\n<td width=\"205\">\n<p align=\"justify\"><span style=\"font-family: Arial, sans-serif;\"><span style=\"font-size: medium;\">Direcci\u00f3n del cliente<\/span><\/span><\/p>\n<\/td>\n<\/tr>\n<tr valign=\"top\">\n<td width=\"188\">\n<p align=\"justify\"><span style=\"font-family: Arial, sans-serif;\"><span style=\"font-size: medium;\">Ciudad del cliente<\/span><\/span><\/p>\n<\/td>\n<td width=\"194\">\n<p align=\"justify\"><span style=\"font-family: Arial, sans-serif;\"><span style=\"font-size: medium;\">Tel\u00e9fono 1 del cliente<\/span><\/span><\/p>\n<\/td>\n<td width=\"205\">\n<p align=\"justify\"><span style=\"font-family: Arial, sans-serif;\"><span style=\"font-size: medium;\">Tel\u00e9fono 2 del cliente<\/span><\/span><\/p>\n<\/td>\n<\/tr>\n<tr valign=\"top\">\n<td width=\"188\">\n<p align=\"justify\"><span style=\"font-family: Arial, sans-serif;\"><span style=\"font-size: medium;\">Fax cliente<\/span><\/span><\/p>\n<\/td>\n<td width=\"194\">\n<p align=\"justify\"><span style=\"font-family: Arial, sans-serif;\"><span style=\"font-size: medium;\">Apartado A\u00e9reo cliente<\/span><\/span><\/p>\n<\/td>\n<td width=\"205\">\n<p align=\"justify\"><span style=\"font-family: Arial, sans-serif;\"><span style=\"font-size: medium;\">Clase de cliente<\/span><\/span><\/p>\n<\/td>\n<\/tr>\n<tr valign=\"top\">\n<td width=\"188\">\n<p align=\"justify\"><span style=\"font-family: Arial, sans-serif;\"><span style=\"font-size: medium;\">Contacto 1<\/span><\/span><\/p>\n<\/td>\n<td width=\"194\">\n<p align=\"justify\"><span style=\"font-family: Arial, sans-serif;\"><span style=\"font-size: medium;\">Contacto 2<\/span><\/span><\/p>\n<\/td>\n<td width=\"205\">\n<p align=\"justify\"><span style=\"font-family: Arial, sans-serif;\"><span style=\"font-size: medium;\">C\u00f3d.del vendedor 1<\/span><\/span><\/p>\n<\/td>\n<\/tr>\n<tr valign=\"top\">\n<td width=\"188\">\n<p align=\"justify\"><span style=\"font-family: Arial, sans-serif;\"><span style=\"font-size: medium;\">C\u00f3d.del vendedor 2<\/span><\/span><\/p>\n<\/td>\n<td width=\"194\">\n<p align=\"justify\"><span style=\"font-family: Arial, sans-serif;\"><span style=\"font-size: medium;\">Swiche de Retenedor S\/N<\/span><\/span><\/p>\n<\/td>\n<td width=\"205\">\n<p align=\"justify\"><span style=\"font-family: Arial, sans-serif;\"><span style=\"font-size: medium;\">Fecha de ingreso<\/span><\/span><\/p>\n<\/td>\n<\/tr>\n<tr valign=\"top\">\n<td width=\"188\">\n<p align=\"justify\"><span style=\"font-family: Arial, sans-serif;\"><span style=\"font-size: medium;\">Observaci\u00f3n 1<\/span><\/span><\/p>\n<\/td>\n<td width=\"194\">\n<p align=\"justify\"><span style=\"font-family: Arial, sans-serif;\"><span style=\"font-size: medium;\">Observaci\u00f3n 2<\/span><\/span><\/p>\n<\/td>\n<td width=\"205\">\n<p align=\"justify\"><span style=\"font-family: Arial, sans-serif;\"><span style=\"font-size: medium;\">Observaci\u00f3n 3<\/span><\/span><\/p>\n<\/td>\n<\/tr>\n<tr valign=\"top\">\n<td width=\"188\">\n<p align=\"justify\"><span style=\"font-family: Arial, sans-serif;\"><span style=\"font-size: medium;\">Ventas brutas mes x mes y total x semestre<\/span><\/span><\/p>\n<\/td>\n<td width=\"194\">\n<p align=\"justify\"><span style=\"font-family: Arial, sans-serif;\"><span style=\"font-size: medium;\">Descuentos ventas mes x mes y total x semestre<\/span><\/span><\/p>\n<\/td>\n<td width=\"205\">\n<p align=\"justify\"><span style=\"font-family: Arial, sans-serif;\"><span style=\"font-size: medium;\">Retenci\u00f3n en la fuente mes x mes y total x semestre<\/span><\/span><\/p>\n<\/td>\n<\/tr>\n<tr valign=\"top\">\n<td width=\"188\">\n<p align=\"justify\"><span style=\"font-family: Arial, sans-serif;\"><span style=\"font-size: medium;\">Fletes mes x mes y total x semestre<\/span><\/span><\/p>\n<\/td>\n<td width=\"194\">\n<p align=\"justify\"><span style=\"font-family: Arial, sans-serif;\"><span style=\"font-size: medium;\">Iva en ventas mes x mes y total x semestre<\/span><\/span><\/p>\n<\/td>\n<td width=\"205\">\n<p align=\"justify\"><span style=\"font-family: Arial, sans-serif;\"><span style=\"font-size: medium;\">Neto pagado x cliente mes x mes<\/span><\/span><\/p>\n<\/td>\n<\/tr>\n<tr valign=\"top\">\n<td width=\"188\">\n<p align=\"justify\"><span style=\"font-family: Arial, sans-serif;\"><span style=\"font-size: medium;\">Ultima fecha de venta<\/span><\/span><\/p>\n<\/td>\n<td width=\"194\">\n<p align=\"justify\"><span style=\"font-family: Arial, sans-serif;\"><span style=\"font-size: medium;\">Ultima factura de venta<\/span><\/span><\/p>\n<\/td>\n<td width=\"205\"><\/td>\n<\/tr>\n<\/tbody>\n<\/table>\n<table width=\"601\" cellspacing=\"0\" cellpadding=\"2\">\n<colgroup>\n<col width=\"188\" \/>\n<col width=\"194\" \/>\n<col width=\"205\" \/> <\/colgroup>\n<tbody>\n<tr>\n<td colspan=\"3\" valign=\"top\" width=\"595\">\n<p align=\"justify\"><span style=\"font-family: Arial, sans-serif;\"><span style=\"font-size: medium;\">Campos Datos Cartera<\/span><\/span><\/p>\n<\/td>\n<\/tr>\n<tr valign=\"top\">\n<td width=\"188\">\n<p align=\"justify\"><span style=\"font-family: Arial, sans-serif;\"><span style=\"font-size: medium;\">Bodega donde se factura<\/span><\/span><\/p>\n<\/td>\n<td width=\"194\">\n<p align=\"justify\"><span style=\"font-family: Arial, sans-serif;\"><span style=\"font-size: medium;\">Tipo de bodega o sucursal<\/span><\/span><\/p>\n<\/td>\n<td width=\"205\">\n<p align=\"justify\"><span style=\"font-family: Arial, sans-serif;\"><span style=\"font-size: medium;\">N\u00famero de factura<\/span><\/span><\/p>\n<\/td>\n<\/tr>\n<tr valign=\"top\">\n<td width=\"188\">\n<p align=\"justify\"><span style=\"font-family: Arial, sans-serif;\"><span style=\"font-size: medium;\">Fecha de factura DD-MM<\/span><\/span><\/p>\n<\/td>\n<td width=\"194\">\n<p align=\"justify\"><span style=\"font-family: Arial, sans-serif;\"><span style=\"font-size: medium;\">Fecha vencimiento DD-MM<\/span><\/span><\/p>\n<\/td>\n<td width=\"205\">\n<p align=\"justify\"><span style=\"font-family: Arial, sans-serif;\"><span style=\"font-size: medium;\">#d\u00eda factura<\/span><\/span><\/p>\n<\/td>\n<\/tr>\n<tr valign=\"top\">\n<td width=\"188\">\n<p align=\"justify\"><span style=\"font-family: Arial, sans-serif;\"><span style=\"font-size: medium;\">D\u00eda factura en letras<\/span><\/span><\/p>\n<\/td>\n<td width=\"194\">\n<p align=\"justify\"><span style=\"font-family: Arial, sans-serif;\"><span style=\"font-size: medium;\">#mes factura<\/span><\/span><\/p>\n<\/td>\n<td width=\"205\">\n<p align=\"justify\"><span style=\"font-family: Arial, sans-serif;\"><span style=\"font-size: medium;\">Mes factura en letras<\/span><\/span><\/p>\n<\/td>\n<\/tr>\n<tr valign=\"top\">\n<td width=\"188\">\n<p align=\"justify\"><span style=\"font-family: Arial, sans-serif;\"><span style=\"font-size: medium;\">#a\u00f1o factura<\/span><\/span><\/p>\n<\/td>\n<td width=\"194\">\n<p align=\"justify\"><span style=\"font-family: Arial, sans-serif;\"><span style=\"font-size: medium;\">#d\u00eda de vencimiento factura<\/span><\/span><\/p>\n<\/td>\n<td width=\"205\">\n<p align=\"justify\"><span style=\"font-family: Arial, sans-serif;\"><span style=\"font-size: medium;\">D\u00eda vencimiento fra.en letras<\/span><\/span><\/p>\n<\/td>\n<\/tr>\n<tr valign=\"top\">\n<td width=\"188\">\n<p align=\"justify\"><span style=\"font-family: Arial, sans-serif;\"><span style=\"font-size: medium;\">#mes vencimiento factura<\/span><\/span><\/p>\n<\/td>\n<td width=\"194\">\n<p align=\"justify\"><span style=\"font-family: Arial, sans-serif;\"><span style=\"font-size: medium;\">Mes vencimiento fra.en letras<\/span><\/span><\/p>\n<\/td>\n<td width=\"205\">\n<p align=\"justify\"><span style=\"font-family: Arial, sans-serif;\"><span style=\"font-size: medium;\">#a\u00f1o vencimiento factura<\/span><\/span><\/p>\n<\/td>\n<\/tr>\n<tr valign=\"top\">\n<td width=\"188\">\n<p align=\"justify\"><span style=\"font-family: Arial, sans-serif;\"><span style=\"font-size: medium;\">Fecha vencnto-fecha actual<\/span><\/span><\/p>\n<\/td>\n<td width=\"194\">\n<p align=\"justify\"><span style=\"font-family: Arial, sans-serif;\"><span style=\"font-size: medium;\">Fecha actual &#8211; fecha factura<\/span><\/span><\/p>\n<\/td>\n<td width=\"205\">\n<p align=\"justify\"><span style=\"font-family: Arial, sans-serif;\"><span style=\"font-size: medium;\">Fecha actual<\/span><\/span><\/p>\n<\/td>\n<\/tr>\n<tr valign=\"top\">\n<td width=\"188\">\n<p align=\"justify\"><span style=\"font-family: Arial, sans-serif;\"><span style=\"font-size: medium;\">C.vendedor que hizo la venta<\/span><\/span><\/p>\n<\/td>\n<td width=\"194\">\n<p align=\"justify\"><span style=\"font-family: Arial, sans-serif;\"><span style=\"font-size: medium;\">Nombre vendedor de la venta<\/span><\/span><\/p>\n<\/td>\n<td width=\"205\">\n<p align=\"justify\"><span style=\"font-family: Arial, sans-serif;\"><span style=\"font-size: medium;\">Total valor bruto factura<\/span><\/span><\/p>\n<\/td>\n<\/tr>\n<tr valign=\"top\">\n<td width=\"188\">\n<p align=\"justify\"><span style=\"font-family: Arial, sans-serif;\"><span style=\"font-size: medium;\">Total descuentos fra.en $$<\/span><\/span><\/p>\n<\/td>\n<td width=\"194\">\n<p align=\"justify\"><span style=\"font-family: Arial, sans-serif;\"><span style=\"font-size: medium;\">Total bruto &#8211; Descuento<\/span><\/span><\/p>\n<\/td>\n<td width=\"205\">\n<p align=\"justify\"><span style=\"font-family: Arial, sans-serif;\"><span style=\"font-size: medium;\">Total bruto-Dscto+IVA<\/span><\/span><\/p>\n<\/td>\n<\/tr>\n<tr valign=\"top\">\n<td width=\"188\">\n<p align=\"justify\"><span style=\"font-family: Arial, sans-serif;\"><span style=\"font-size: medium;\">Total Rete Fuente de factura<\/span><\/span><\/p>\n<\/td>\n<td width=\"194\">\n<p align=\"justify\"><span style=\"font-family: Arial, sans-serif;\"><span style=\"font-size: medium;\">Total flete de la factura<\/span><\/span><\/p>\n<\/td>\n<td width=\"205\">\n<p align=\"justify\"><span style=\"font-family: Arial, sans-serif;\"><span style=\"font-size: medium;\">Total IVA de la factura<\/span><\/span><\/p>\n<\/td>\n<\/tr>\n<tr valign=\"top\">\n<td width=\"188\">\n<p align=\"justify\"><span style=\"font-family: Arial, sans-serif;\"><span style=\"font-size: medium;\">$base del IVA<\/span><\/span><\/p>\n<\/td>\n<td width=\"194\">\n<p align=\"justify\"><span style=\"font-family: Arial, sans-serif;\"><span style=\"font-size: medium;\">Valor exento de la factura<\/span><\/span><\/p>\n<\/td>\n<td width=\"205\">\n<p align=\"justify\"><span style=\"font-family: Arial, sans-serif;\"><span style=\"font-size: medium;\">Total neto de la factura<\/span><\/span><\/p>\n<\/td>\n<\/tr>\n<tr valign=\"top\">\n<td width=\"188\">\n<p align=\"justify\"><span style=\"font-family: Arial, sans-serif;\"><span style=\"font-size: medium;\">Total neto + DBs &#8211; CRs<\/span><\/span><\/p>\n<\/td>\n<td width=\"194\">\n<p align=\"justify\"><span style=\"font-family: Arial, sans-serif;\"><span style=\"font-size: medium;\">Valores D\u00e9bitos de la factura<\/span><\/span><\/p>\n<\/td>\n<td width=\"205\">\n<p align=\"justify\"><span style=\"font-family: Arial, sans-serif;\"><span style=\"font-size: medium;\">Valores Cr\u00e9ditos de la factura<\/span><\/span><\/p>\n<\/td>\n<\/tr>\n<tr valign=\"top\">\n<td width=\"188\">\n<p align=\"justify\"><span style=\"font-family: Arial, sans-serif;\"><span style=\"font-size: medium;\">Direcci\u00f3n por sucursales<\/span><\/span><\/p>\n<\/td>\n<td width=\"194\">\n<p align=\"justify\"><span style=\"font-family: Arial, sans-serif;\"><span style=\"font-size: medium;\">Valor x vencer<\/span><\/span><\/p>\n<\/td>\n<td width=\"205\">\n<p align=\"justify\"><span style=\"font-family: Arial, sans-serif;\"><span style=\"font-size: medium;\">Valor vencido<\/span><\/span><\/p>\n<\/td>\n<\/tr>\n<tr valign=\"top\">\n<td width=\"188\">\n<p align=\"justify\"><span style=\"font-family: Arial, sans-serif;\"><span style=\"font-size: medium;\">Valor vencido de 1-30<\/span><\/span><\/p>\n<\/td>\n<td width=\"194\">\n<p align=\"justify\"><span style=\"font-family: Arial, sans-serif;\"><span style=\"font-size: medium;\">Valor vencido de 31-60<\/span><\/span><\/p>\n<\/td>\n<td width=\"205\">\n<p align=\"justify\"><span style=\"font-family: Arial, sans-serif;\"><span style=\"font-size: medium;\">Valor vencido de 61-90<\/span><\/span><\/p>\n<\/td>\n<\/tr>\n<tr valign=\"top\">\n<td width=\"188\">\n<p align=\"justify\"><span style=\"font-family: Arial, sans-serif;\"><span style=\"font-size: medium;\">Valor vencido de 91-120<\/span><\/span><\/p>\n<\/td>\n<td width=\"194\">\n<p align=\"justify\"><span style=\"font-family: Arial, sans-serif;\"><span style=\"font-size: medium;\">Valor vencido de 121-M\u00e1s<\/span><\/span><\/p>\n<\/td>\n<td width=\"205\">\n<p align=\"justify\"><span style=\"font-family: Arial, sans-serif;\"><span style=\"font-size: medium;\">#Pedido de la factura<\/span><\/span><\/p>\n<\/td>\n<\/tr>\n<tr valign=\"top\">\n<td width=\"188\">\n<p align=\"justify\"><span style=\"font-family: Arial, sans-serif;\"><span style=\"font-size: medium;\">Hora del sistema<\/span><\/span><\/p>\n<\/td>\n<td width=\"194\">\n<p align=\"justify\"><span style=\"font-family: Arial, sans-serif;\"><span style=\"font-size: medium;\">Raya de 5 &#8212;&#8211;<\/span><\/span><\/p>\n<\/td>\n<td width=\"205\"><\/td>\n<\/tr>\n<\/tbody>\n<\/table>\n<p style=\"text-align: justify;\" align=\"justify\"><span style=\"color: #000000;\"><span style=\"font-family: Arial, sans-serif;\"><span style=\"font-size: medium;\">Genera Mas 11,000 Reportes.<\/span><\/span><\/span><\/p>\n","protected":false},"excerpt":{"rendered":"<p>FARGOZ CARTERA O CLIENTES El Sistema de Cartera ofrece: &#8211; Ventas a Cr\u00e9dito y de contado a Clientes &#8211; Maneja la Cuenta, Saldo por Cliente\u00a0y Factura &#8211; Abonos y Cancelaciones por Cliente &#8211; Movimientos de recibos de caja y notas &#8211; Notas d\u00e9bito y Cr\u00e9dito, adem\u00e1s otros tipos de movimientos<\/p>\n","protected":false},"author":1,"featured_media":0,"parent":20,"menu_order":4,"comment_status":"closed","ping_status":"closed","template":"","meta":{"footnotes":""},"class_list":["post-61","page","type-page","status-publish","hentry"],"_links":{"self":[{"href":"https:\/\/www.fmovil.co\/index.php\/wp-json\/wp\/v2\/pages\/61","targetHints":{"allow":["GET"]}}],"collection":[{"href":"https:\/\/www.fmovil.co\/index.php\/wp-json\/wp\/v2\/pages"}],"about":[{"href":"https:\/\/www.fmovil.co\/index.php\/wp-json\/wp\/v2\/types\/page"}],"author":[{"embeddable":true,"href":"https:\/\/www.fmovil.co\/index.php\/wp-json\/wp\/v2\/users\/1"}],"replies":[{"embeddable":true,"href":"https:\/\/www.fmovil.co\/index.php\/wp-json\/wp\/v2\/comments?post=61"}],"version-history":[{"count":0,"href":"https:\/\/www.fmovil.co\/index.php\/wp-json\/wp\/v2\/pages\/61\/revisions"}],"up":[{"embeddable":true,"href":"https:\/\/www.fmovil.co\/index.php\/wp-json\/wp\/v2\/pages\/20"}],"wp:attachment":[{"href":"https:\/\/www.fmovil.co\/index.php\/wp-json\/wp\/v2\/media?parent=61"}],"curies":[{"name":"wp","href":"https:\/\/api.w.org\/{rel}","templated":true}]}}