{"id":59,"date":"2015-10-29T11:44:50","date_gmt":"2015-10-29T16:44:50","guid":{"rendered":"http:\/\/medesoft.co\/eliza\/?page_id=59"},"modified":"2015-10-29T11:44:50","modified_gmt":"2015-10-29T16:44:50","slug":"fargoz-compras","status":"publish","type":"page","link":"https:\/\/www.fmovil.co\/index.php\/productos\/fargoz-compras\/","title":{"rendered":"Fargoz Compras"},"content":{"rendered":"<p><span style=\"color: #000000;\">El Sistema de compras ofrece las siguient<img loading=\"lazy\" decoding=\"async\" class=\"alignright wp-image-152 size-full\" src=\"http:\/\/fargoz.com\/wp-content\/uploads\/2015\/11\/compras01.jpg\" alt=\"Fargoz Compras\" width=\"488\" height=\"329\" srcset=\"https:\/\/www.fmovil.co\/wp-content\/uploads\/2015\/11\/compras01.jpg 488w, https:\/\/www.fmovil.co\/wp-content\/uploads\/2015\/11\/compras01-300x202.jpg 300w\" sizes=\"auto, (max-width: 488px) 100vw, 488px\" \/>es\u00a0utilidades al usuario:<\/span><\/p>\n<p><span style=\"color: #000000;\">* Maneja Compras para 99 bodegas<\/span><br \/>\n<span style=\"color: #000000;\"> * Compras de ambas Sucursales<\/span><br \/>\n<span style=\"color: #000000;\"> * Compras por Proveedor<\/span><br \/>\n<span style=\"color: #000000;\"> * Permite Manejar los Costos de Mercanc\u00eda Por Proveedor<\/span><br \/>\n<span style=\"color: #000000;\"> * M\u00f3dulo estad\u00edstico de Compras , Descuentos,<\/span><\/p>\n<p><span style=\"color: #000000;\">Retenci\u00f3n Iva, Practicada Mes x Mes\u00a0Durante Todo el A\u00f1o.<\/span><br \/>\n<span style=\"color: #000000;\"> * An\u00e1lisis de Costos X Proveedor :<\/span><br \/>\n<span style=\"color: #000000;\"> \u00cdtems -Proveedor<\/span><br \/>\n<span style=\"color: #000000;\"> Grupo1 -Proveedor<\/span><br \/>\n<span style=\"color: #000000;\"> Grupo2 -Proveedor<\/span><br \/>\n<span style=\"color: #000000;\"> Grupo3 -Proveedor<\/span><br \/>\n<span style=\"color: #000000;\"> * Lleva Facturas Pendientes con cada Proveedor<\/span><br \/>\n<span style=\"color: #000000;\"> &#8211; Descuentos<\/span><br \/>\n<span style=\"color: #000000;\"> &#8211; Fletes<\/span><br \/>\n<span style=\"color: #000000;\"> &#8211; IVA<\/span><br \/>\n<span style=\"color: #000000;\"> &#8211; Retenci\u00f3n en la fuente<\/span><br \/>\n<span style=\"color: #000000;\"> &#8211; Otras Retenciones<\/span><br \/>\n<span style=\"color: #000000;\"> &#8211; Impuesto al Consumo<\/span><br \/>\n<span style=\"color: #000000;\"> &#8211; Rte Iva<\/span><br \/>\n<span style=\"color: #000000;\"> &#8211; Rte Ica<\/span><br \/>\n<span style=\"color: #000000;\"> &#8211; Seguro<\/span><\/p>\n<p><span style=\"color: #000000;\">* Permite realizar abonos a las Cuentas por Pagar y Generar Comprobantes de pago, Tiene\u00a0un Generador Para Cheques.<\/span><br \/>\n<span style=\"color: #000000;\"> * Lleva estado de Cuenta para cada Proveedor<\/span><\/p>\n<p><span style=\"color: #000000;\"> Genera:<\/span><\/p>\n<p><span style=\"color: #000000;\">* Informe de Vencimientos de las Cuentas por Pagar<\/span><br \/>\n<span style=\"color: #000000;\"> * Informe de Abonos y Cancelaciones a Proveedores<\/span><br \/>\n<span style=\"color: #000000;\"> * Informe General de Saldos de Cuentas a Proveedores<\/span><br \/>\n<span style=\"color: #000000;\"> * Informe x Edades 30, 60, 90 mas<\/span><br \/>\n<span style=\"color: #000000;\"> * Informaci\u00f3n ex\u00f3gena para la DIAN.<\/span><\/p>\n<p><span style=\"color: #000000;\"> * Todos los informes anteriores se pueden generar tanto para las Compras Por Sucursal o<\/span><br \/>\n<span style=\"color: #000000;\"> Consolidadas.<\/span><\/p>\n<p><span style=\"color: #000000;\">El m\u00f3dulo de Compras cuenta con un potente generador de reportes, con el cual se pueden obtener los informes deseados manipulando los siguientes campos:<\/span><\/p>\n<p><span style=\"color: #000000;\">CAMPOS DISPONIBLES EN EL GENERADOR DE REPORTES COMPRAS<\/span><\/p>\n<table width=\"100%\" cellspacing=\"0\" cellpadding=\"4\">\n<colgroup>\n<col width=\"128*\" \/>\n<col width=\"128*\" \/> <\/colgroup>\n<tbody>\n<tr>\n<td colspan=\"2\" valign=\"top\" width=\"100%\">\n<p style=\"text-align: justify;\"><span style=\"font-family: Arial, sans-serif; color: #000000;\"><span style=\"font-size: medium;\">Campos Datos Cuentas por Pagar<\/span><\/span><\/p>\n<\/td>\n<\/tr>\n<tr style=\"text-align: justify;\" valign=\"top\">\n<td width=\"50%\"><span style=\"font-family: Arial, sans-serif; color: #000000;\"><span style=\"font-size: medium;\">Bodega donde se compr\u00f3<\/span><\/span>&nbsp;<\/td>\n<td width=\"50%\"><span style=\"font-family: Arial, sans-serif; color: #000000;\"><span style=\"font-size: medium;\">Total bruto &#8211; Descuento<\/span><\/span>&nbsp;<\/td>\n<\/tr>\n<tr style=\"text-align: justify;\" valign=\"top\">\n<td width=\"50%\"><span style=\"font-family: Arial, sans-serif; color: #000000;\"><span style=\"font-size: medium;\">Tipo de bodega o sucursal<\/span><\/span>&nbsp;<\/td>\n<td width=\"50%\"><span style=\"font-family: Arial, sans-serif; color: #000000;\"><span style=\"font-size: medium;\">Total bruto- Descuento + Iva<\/span><\/span>&nbsp;<\/td>\n<\/tr>\n<tr style=\"text-align: justify;\" valign=\"top\">\n<td width=\"50%\"><span style=\"font-family: Arial, sans-serif; color: #000000;\"><span style=\"font-size: medium;\">N\u00famero factura de compra<\/span><\/span>&nbsp;<\/td>\n<td width=\"50%\"><span style=\"font-family: Arial, sans-serif; color: #000000;\"><span style=\"font-size: medium;\">Total Rete-Fuente factura<\/span><\/span>&nbsp;<\/td>\n<\/tr>\n<tr style=\"text-align: justify;\" valign=\"top\">\n<td width=\"50%\"><span style=\"font-family: Arial, sans-serif; color: #000000;\"><span style=\"font-size: medium;\">N\u00famero consecutivo compra<\/span><\/span>&nbsp;<\/td>\n<td width=\"50%\"><span style=\"font-family: Arial, sans-serif; color: #000000;\"><span style=\"font-size: medium;\">Total flete de la factura<\/span><\/span>&nbsp;<\/td>\n<\/tr>\n<tr style=\"text-align: justify;\" valign=\"top\">\n<td width=\"50%\"><span style=\"font-family: Arial, sans-serif; color: #000000;\"><span style=\"font-size: medium;\">Fecha de factura DD-MM<\/span><\/span>&nbsp;<\/td>\n<td width=\"50%\"><span style=\"font-family: Arial, sans-serif; color: #000000;\"><span style=\"font-size: medium;\">Total Iva de la factura<\/span><\/span>&nbsp;<\/td>\n<\/tr>\n<tr style=\"text-align: justify;\" valign=\"top\">\n<td width=\"50%\"><span style=\"font-family: Arial, sans-serif; color: #000000;\"><span style=\"font-size: medium;\">Fecha vencimiento DD-MM<\/span><\/span>&nbsp;<\/td>\n<td width=\"50%\"><span style=\"font-family: Arial, sans-serif; color: #000000;\"><span style=\"font-size: medium;\">Total otros impuestos<\/span><\/span>&nbsp;<\/td>\n<\/tr>\n<tr style=\"text-align: justify;\" valign=\"top\">\n<td width=\"50%\"><span style=\"font-family: Arial, sans-serif; color: #000000;\"><span style=\"font-size: medium;\">#d\u00eda factura de compra<\/span><\/span>&nbsp;<\/td>\n<td width=\"50%\"><span style=\"font-family: Arial, sans-serif; color: #000000;\"><span style=\"font-size: medium;\">$base del IVA<\/span><\/span>&nbsp;<\/td>\n<\/tr>\n<tr style=\"text-align: justify;\" valign=\"top\">\n<td width=\"50%\"><span style=\"font-family: Arial, sans-serif; color: #000000;\"><span style=\"font-size: medium;\">D\u00eda factura en letras<\/span><\/span>&nbsp;<\/td>\n<td width=\"50%\"><span style=\"font-family: Arial, sans-serif; color: #000000;\"><span style=\"font-size: medium;\">Valor excento de la factura<\/span><\/span>&nbsp;<\/td>\n<\/tr>\n<tr style=\"text-align: justify;\" valign=\"top\">\n<td width=\"50%\"><span style=\"font-family: Arial, sans-serif; color: #000000;\"><span style=\"font-size: medium;\">#mes factura de compra<\/span><\/span>&nbsp;<\/td>\n<td width=\"50%\"><span style=\"font-family: Arial, sans-serif; color: #000000;\"><span style=\"font-size: medium;\">Total neto de la factura<\/span><\/span>&nbsp;<\/td>\n<\/tr>\n<tr style=\"text-align: justify;\" valign=\"top\">\n<td width=\"50%\"><span style=\"font-family: Arial, sans-serif; color: #000000;\"><span style=\"font-size: medium;\">Mes factura en letras<\/span><\/span>&nbsp;<\/td>\n<td width=\"50%\"><span style=\"font-family: Arial, sans-serif; color: #000000;\"><span style=\"font-size: medium;\">Total neto fra + DBs &#8211; CRs<\/span><\/span>&nbsp;<\/td>\n<\/tr>\n<tr style=\"text-align: justify;\" valign=\"top\">\n<td width=\"50%\"><span style=\"font-family: Arial, sans-serif; color: #000000;\"><span style=\"font-size: medium;\">#a\u00f1o factura de compra<\/span><\/span>&nbsp;<\/td>\n<td width=\"50%\"><span style=\"font-family: Arial, sans-serif; color: #000000;\"><span style=\"font-size: medium;\">Valores D\u00e9bitos factura<\/span><\/span>&nbsp;<\/td>\n<\/tr>\n<tr style=\"text-align: justify;\" valign=\"top\">\n<td width=\"50%\"><span style=\"font-family: Arial, sans-serif; color: #000000;\"><span style=\"font-size: medium;\">#d\u00eda vencimiento fra compra<\/span><\/span>&nbsp;<\/td>\n<td width=\"50%\"><span style=\"font-family: Arial, sans-serif; color: #000000;\"><span style=\"font-size: medium;\">Valores Cr\u00e9ditos factura<\/span><\/span>&nbsp;<\/td>\n<\/tr>\n<tr style=\"text-align: justify;\" valign=\"top\">\n<td width=\"50%\"><span style=\"font-family: Arial, sans-serif; color: #000000;\"><span style=\"font-size: medium;\">D\u00eda vencimiento en letras<\/span><\/span>&nbsp;<\/td>\n<td width=\"50%\"><span style=\"font-family: Arial, sans-serif; color: #000000;\"><span style=\"font-size: medium;\">Valor x vencer compras<\/span><\/span>&nbsp;<\/td>\n<\/tr>\n<tr style=\"text-align: justify;\" valign=\"top\">\n<td width=\"50%\"><span style=\"font-family: Arial, sans-serif; color: #000000;\"><span style=\"font-size: medium;\">#mes vencimiento fra compra<\/span><\/span>&nbsp;<\/td>\n<td width=\"50%\"><span style=\"font-family: Arial, sans-serif; color: #000000;\"><span style=\"font-size: medium;\">Valor vencido compras<\/span><\/span>&nbsp;<\/td>\n<\/tr>\n<tr style=\"text-align: justify;\" valign=\"top\">\n<td width=\"50%\"><span style=\"font-family: Arial, sans-serif; color: #000000;\"><span style=\"font-size: medium;\">Mes vencimiento en letras<\/span><\/span>&nbsp;<\/td>\n<td width=\"50%\"><span style=\"font-family: Arial, sans-serif; color: #000000;\"><span style=\"font-size: medium;\">Valor x pagar de 1-30 d\u00edas<\/span><\/span>&nbsp;<\/td>\n<\/tr>\n<tr style=\"text-align: justify;\" valign=\"top\">\n<td width=\"50%\"><span style=\"font-family: Arial, sans-serif; color: #000000;\"><span style=\"font-size: medium;\">#a\u00f1o vencimiento fra compra<\/span><\/span>&nbsp;<\/td>\n<td width=\"50%\"><span style=\"font-family: Arial, sans-serif; color: #000000;\"><span style=\"font-size: medium;\">Valor x pagar de 31-60<\/span><\/span>&nbsp;<\/td>\n<\/tr>\n<tr style=\"text-align: justify;\" valign=\"top\">\n<td width=\"50%\"><span style=\"font-family: Arial, sans-serif; color: #000000;\"><span style=\"font-size: medium;\">Fecha vencto- Fecha actual<\/span><\/span>&nbsp;<\/td>\n<td width=\"50%\"><span style=\"font-family: Arial, sans-serif; color: #000000;\"><span style=\"font-size: medium;\">Valor x pagar de 61-90<\/span><\/span>&nbsp;<\/td>\n<\/tr>\n<tr style=\"text-align: justify;\" valign=\"top\">\n<td width=\"50%\"><span style=\"font-family: Arial, sans-serif; color: #000000;\"><span style=\"font-size: medium;\">Fecha actual &#8211; Fecha factura<\/span><\/span>&nbsp;<\/td>\n<td width=\"50%\"><span style=\"font-family: Arial, sans-serif; color: #000000;\"><span style=\"font-size: medium;\">Valor x pagar de 91-120<\/span><\/span>&nbsp;<\/td>\n<\/tr>\n<tr style=\"text-align: justify;\" valign=\"top\">\n<td width=\"50%\"><span style=\"font-family: Arial, sans-serif; color: #000000;\"><span style=\"font-size: medium;\">Fecha actual<\/span><\/span>&nbsp;<\/td>\n<td width=\"50%\"><span style=\"font-family: Arial, sans-serif; color: #000000;\"><span style=\"font-size: medium;\">Valor x pagar de 121-M\u00e1s<\/span><\/span>&nbsp;<\/td>\n<\/tr>\n<tr style=\"text-align: justify;\" valign=\"top\">\n<td width=\"50%\"><span style=\"font-family: Arial, sans-serif; color: #000000;\"><span style=\"font-size: medium;\">Total valor bruto fra.compra<\/span><\/span>&nbsp;<\/td>\n<td width=\"50%\"><span style=\"font-family: Arial, sans-serif; color: #000000;\"><span style=\"font-size: medium;\">#orden de compra<\/span><\/span>&nbsp;<\/td>\n<\/tr>\n<tr style=\"text-align: justify;\" valign=\"top\">\n<td width=\"50%\"><span style=\"font-family: Arial, sans-serif; color: #000000;\"><span style=\"font-size: medium;\">Total descuentos fra. en $$<\/span><\/span>&nbsp;<\/td>\n<td width=\"50%\"><span style=\"font-family: Arial, sans-serif; color: #000000;\"><span style=\"font-size: medium;\">Hora del sistema<\/span><\/span>&nbsp;<\/td>\n<\/tr>\n<tr style=\"text-align: justify;\" valign=\"top\">\n<td width=\"50%\"><span style=\"font-family: Arial, sans-serif; color: #000000;\"><span style=\"font-size: medium;\">Raya de 5 &#8212;&#8211;<\/span><\/span>&nbsp;<\/td>\n<td width=\"50%\"><span style=\"color: #000000;\">\u00a0<\/span><\/td>\n<\/tr>\n<\/tbody>\n<\/table>\n<table style=\"height: 842px;\" width=\"435\" cellspacing=\"0\" cellpadding=\"4\">\n<colgroup>\n<col width=\"128*\" \/>\n<col width=\"128*\" \/> <\/colgroup>\n<tbody>\n<tr style=\"text-align: justify;\">\n<td colspan=\"2\" valign=\"top\" width=\"100%\"><span style=\"font-family: Arial, sans-serif; color: #000000;\"><span style=\"font-size: medium;\">Campos datos Proveedor<\/span><\/span>&nbsp;<\/td>\n<\/tr>\n<tr style=\"text-align: justify;\" valign=\"top\">\n<td width=\"50%\"><span style=\"font-family: Arial, sans-serif; color: #000000;\"><span style=\"font-size: medium;\">C\u00f3digo o Nit Proveedor<\/span><\/span>&nbsp;<\/td>\n<td width=\"50%\"><span style=\"font-family: Arial, sans-serif; color: #000000;\"><span style=\"font-size: medium;\">Swiche de Retenedor S\/N<\/span><\/span>&nbsp;<\/td>\n<\/tr>\n<tr style=\"text-align: justify;\" valign=\"top\">\n<td width=\"50%\"><span style=\"font-family: Arial, sans-serif; color: #000000;\"><span style=\"font-size: medium;\">Nombre del Proveedor<\/span><\/span>&nbsp;<\/td>\n<td width=\"50%\"><span style=\"font-family: Arial, sans-serif; color: #000000;\"><span style=\"font-size: medium;\">Fecha de ingreso<\/span><\/span>&nbsp;<\/td>\n<\/tr>\n<tr style=\"text-align: justify;\" valign=\"top\">\n<td width=\"50%\"><span style=\"font-family: Arial, sans-serif; color: #000000;\"><span style=\"font-size: medium;\">Direcci\u00f3n Proveedor<\/span><\/span>&nbsp;<\/td>\n<td width=\"50%\"><span style=\"font-family: Arial, sans-serif; color: #000000;\"><span style=\"font-size: medium;\">Observaci\u00f3n 1 Proveedor<\/span><\/span>&nbsp;<\/td>\n<\/tr>\n<tr style=\"text-align: justify;\" valign=\"top\">\n<td width=\"50%\"><span style=\"font-family: Arial, sans-serif; color: #000000;\"><span style=\"font-size: medium;\">Ciudad del Proveedor<\/span><\/span>&nbsp;<\/td>\n<td width=\"50%\"><span style=\"font-family: Arial, sans-serif; color: #000000;\"><span style=\"font-size: medium;\">Observaci\u00f3n 2 Proveedor<\/span><\/span>&nbsp;<\/td>\n<\/tr>\n<tr style=\"text-align: justify;\" valign=\"top\">\n<td width=\"50%\"><span style=\"font-family: Arial, sans-serif; color: #000000;\"><span style=\"font-size: medium;\">Tel\u00e9fono 1 Proveedor<\/span><\/span>&nbsp;<\/td>\n<td width=\"50%\"><span style=\"font-family: Arial, sans-serif; color: #000000;\"><span style=\"font-size: medium;\">Observaci\u00f3n 3 Proveedor<\/span><\/span>&nbsp;<\/td>\n<\/tr>\n<tr style=\"text-align: justify;\" valign=\"top\">\n<td width=\"50%\"><span style=\"font-family: Arial, sans-serif; color: #000000;\"><span style=\"font-size: medium;\">Tel\u00e9fono 2 Proveedor<\/span><\/span>&nbsp;<\/td>\n<td width=\"50%\"><span style=\"font-family: Arial, sans-serif; color: #000000;\"><span style=\"font-size: medium;\">Compras brutas mes x mes y total x semestre<\/span><\/span>&nbsp;<\/td>\n<\/tr>\n<tr style=\"text-align: justify;\" valign=\"top\">\n<td width=\"50%\"><span style=\"font-family: Arial, sans-serif; color: #000000;\"><span style=\"font-size: medium;\">Fax Proveedor<\/span><\/span>&nbsp;<\/td>\n<td width=\"50%\"><span style=\"font-family: Arial, sans-serif; color: #000000;\"><span style=\"font-size: medium;\">Descuentos compras mes x mes y total x semestre<\/span><\/span>&nbsp;<\/td>\n<\/tr>\n<tr style=\"text-align: justify;\" valign=\"top\">\n<td width=\"50%\"><span style=\"font-family: Arial, sans-serif; color: #000000;\"><span style=\"font-size: medium;\">Apartado A\u00e9reo Proveedor<\/span><\/span>&nbsp;<\/td>\n<td width=\"50%\"><span style=\"font-family: Arial, sans-serif; color: #000000;\"><span style=\"font-size: medium;\">Retenci\u00f3n en la fuente mes x mes y total x semestre<\/span><\/span>&nbsp;<\/td>\n<\/tr>\n<tr style=\"text-align: justify;\" valign=\"top\">\n<td width=\"50%\"><span style=\"font-family: Arial, sans-serif; color: #000000;\"><span style=\"font-size: medium;\">Clase de Proveedor<\/span><\/span>&nbsp;<\/td>\n<td width=\"50%\"><span style=\"font-family: Arial, sans-serif; color: #000000;\"><span style=\"font-size: medium;\">Fletes mes x mes y total x semestre<\/span><\/span>&nbsp;<\/td>\n<\/tr>\n<tr style=\"text-align: justify;\" valign=\"top\">\n<td width=\"50%\"><span style=\"font-family: Arial, sans-serif; color: #000000;\"><span style=\"font-size: medium;\">Gerente<\/span><\/span>&nbsp;<\/td>\n<td width=\"50%\"><span style=\"font-family: Arial, sans-serif; color: #000000;\"><span style=\"font-size: medium;\">Iva en compras mes x mes y total x semestre<\/span><\/span>&nbsp;<\/td>\n<\/tr>\n<tr style=\"text-align: justify;\" valign=\"top\">\n<td width=\"50%\"><span style=\"font-family: Arial, sans-serif; color: #000000;\"><span style=\"font-size: medium;\">Contacto 1<\/span><\/span>&nbsp;<\/td>\n<td width=\"50%\"><span style=\"font-family: Arial, sans-serif; color: #000000;\"><span style=\"font-size: medium;\">Neto pagado a proeedor mes x mes<\/span><\/span>&nbsp;<\/td>\n<\/tr>\n<tr style=\"text-align: justify;\" valign=\"top\">\n<td width=\"50%\"><span style=\"font-family: Arial, sans-serif; color: #000000;\"><span style=\"font-size: medium;\">Condiciones Pago Proveedor<\/span><\/span>&nbsp;<\/td>\n<td width=\"50%\"><span style=\"font-family: Arial, sans-serif; color: #000000;\"><span style=\"font-size: medium;\">Ultima fecha de compra<\/span><\/span>&nbsp;<\/td>\n<\/tr>\n<tr valign=\"top\">\n<td style=\"text-align: justify;\" width=\"50%\"><span style=\"font-family: Arial, sans-serif; color: #000000;\"><span style=\"font-size: medium;\">Descuento pie factura Provee<\/span><\/span>&nbsp;<\/td>\n<td width=\"50%\">\n<p style=\"text-align: justify;\"><span style=\"font-family: Arial, sans-serif; color: #000000;\"><span style=\"font-size: medium;\">Ultima factura de compra<\/span><\/span><\/p>\n<\/td>\n<\/tr>\n<\/tbody>\n<\/table>\n<p style=\"text-align: justify;\"><span style=\"color: #000000;\">Genera Mas de 11,000 Reportes.<\/span><\/p>\n","protected":false},"excerpt":{"rendered":"<p>El Sistema de compras ofrece las siguientes\u00a0utilidades al usuario: * Maneja Compras para 99 bodegas * Compras de ambas Sucursales * Compras por Proveedor * Permite Manejar los Costos de Mercanc\u00eda Por Proveedor * M\u00f3dulo estad\u00edstico de Compras , Descuentos, Retenci\u00f3n Iva, Practicada Mes x Mes\u00a0Durante Todo el A\u00f1o. *<\/p>\n","protected":false},"author":1,"featured_media":0,"parent":20,"menu_order":3,"comment_status":"closed","ping_status":"closed","template":"","meta":{"footnotes":""},"class_list":["post-59","page","type-page","status-publish","hentry"],"_links":{"self":[{"href":"https:\/\/www.fmovil.co\/index.php\/wp-json\/wp\/v2\/pages\/59","targetHints":{"allow":["GET"]}}],"collection":[{"href":"https:\/\/www.fmovil.co\/index.php\/wp-json\/wp\/v2\/pages"}],"about":[{"href":"https:\/\/www.fmovil.co\/index.php\/wp-json\/wp\/v2\/types\/page"}],"author":[{"embeddable":true,"href":"https:\/\/www.fmovil.co\/index.php\/wp-json\/wp\/v2\/users\/1"}],"replies":[{"embeddable":true,"href":"https:\/\/www.fmovil.co\/index.php\/wp-json\/wp\/v2\/comments?post=59"}],"version-history":[{"count":0,"href":"https:\/\/www.fmovil.co\/index.php\/wp-json\/wp\/v2\/pages\/59\/revisions"}],"up":[{"embeddable":true,"href":"https:\/\/www.fmovil.co\/index.php\/wp-json\/wp\/v2\/pages\/20"}],"wp:attachment":[{"href":"https:\/\/www.fmovil.co\/index.php\/wp-json\/wp\/v2\/media?parent=59"}],"curies":[{"name":"wp","href":"https:\/\/api.w.org\/{rel}","templated":true}]}}