{"id":347,"date":"2016-10-11T20:32:14","date_gmt":"2016-10-11T20:32:14","guid":{"rendered":"http:\/\/fargoz.com\/?page_id=347"},"modified":"2016-10-11T20:32:14","modified_gmt":"2016-10-11T20:32:14","slug":"politica-de-tratamiento-de-datos","status":"publish","type":"page","link":"https:\/\/www.fmovil.co\/index.php\/politica-de-tratamiento-de-datos\/","title":{"rendered":"Pol\u00edtica de Tratamiento de Datos"},"content":{"rendered":"<p><strong>MedeSoft Developer SAS<\/strong><\/p>\n<p><strong>POL\u00cdTICA DE TRATAMIENTO DE DATOS PERSONALES<\/strong><\/p>\n<p align=\"justify\">Por lo dispuesto en la Ley 1581 de 2012 \u201cLey Estatutaria para la protecci\u00f3n de Datos Personales\u201d y su respectivo Decreto Reglamentario No. 1377 de junio de 2013, se manifiesta que MedeSoft Developer SAS, actuar\u00e1 como Sujeto Responsable de tratamiento de datos personales; lo que hace necesario ajustar nuestras bases de datos y pol\u00edticas de seguridad en la informaci\u00f3n a fin de cumplir con lo dispuesto en la normativa, en desarrollo del derecho constitucional que tienen todas las personas de conocer, actualizar y rectificar todo tipo de informaci\u00f3n recogida o que haya sido o sea objeto de tratamiento de datos personales en bases de datos y en general en archivos de entidades p\u00fablicas o privadas.<\/p>\n<p align=\"justify\">Reconociendo la importancia de la seguridad, privacidad y confidencialidad de los datos personales, comprometidos con su protecci\u00f3n y manejo adecuado, nos permitimos informar a nuestros clientes, proveedores, trabajadores, usuarios de portales web, colaboradores y dem\u00e1s personas con las que la sociedad sostiene o ha sostenido vinculaci\u00f3n, cuyos datos sean o hayan sido objeto de tratamiento por parte de esta entidad privada, empresas vinculadas y aliadas: que hemos establecido la presente Pol\u00edtica de Tratamiento de Datos Personales,en adelante Pol\u00edtica, cuya vigencia ser\u00e1 inmediata a partir de su publicaci\u00f3n.<\/p>\n<p align=\"justify\">Para fines de entendimiento de la \u201cPol\u00edtica\u201d se entender\u00e1 por:<\/p>\n<p align=\"justify\">1) Dato Personal. Cualquier informaci\u00f3n vinculada o que pueda asociarse a una o varias personas naturales determinadas o determinables. Ley 1581 de 2012.<\/p>\n<p align=\"justify\">2) Titular. Todas las personas naturales son titulares de sus datos personales. En el caso de los menores de edad, sus representantes legales tendr\u00e1n la facultad de autorizar o no el tratamiento de sus datos personales.<\/p>\n<p align=\"justify\">3) Responsable. Todas las personas naturales o jur\u00eddicas, p\u00fablicas o privadas, que deciden sobre las bases de datos y su tratamiento.<\/p>\n<p align=\"justify\">4) Encargado. Todas las personas naturales o jur\u00eddicas, p\u00fablicas o privadas, que realice el tratamiento de datos personales por cuenta o delegaci\u00f3n del responsable.<\/p>\n<p align=\"justify\">5) Dato P\u00fablico. Aquella informaci\u00f3n que se encuentren en sitios p\u00fablicos, registro Mercantil, registro de proponentes y dem\u00e1s registros que sean de naturaleza p\u00fablica.<\/p>\n<p align=\"justify\">6) Autorizaci\u00f3n. Manifestaci\u00f3n del titular para que sean tratados sus datos personales, se difundan, deleguen o transmitan con terceros.<\/p>\n<p align=\"justify\">Esta Pol\u00edtica aplica para cualquier registro de datos personales realizado en forma presencial, telef\u00f3nica o virtual, para la iniciaci\u00f3n de relaci\u00f3n comercial o vinculaci\u00f3n a cualquier producto o servicio de la sociedad.<\/p>\n<p><span style=\"color: #000000;\"><span style=\"font-size: medium;\"> <img align=\"left\" hspace=\"12\" \/> <img align=\"left\" hspace=\"12\" \/> <\/span><\/span><\/p>\n<p>&nbsp;<\/p>\n<p align=\"justify\">MedeSoft Developer SAS solicitar\u00e1 en cualquier momento los datos necesarios para la prestaci\u00f3n de sus servicios, adquisici\u00f3n de productos e interacci\u00f3n con clientes, as\u00ed como aquellos que tenga connotaciones legales para procesos de facturaci\u00f3n y pago y como tal ejecutar\u00e1 esta Pol\u00edtica.<\/p>\n<p align=\"justify\">La sociedad informa que ha adoptado las medidas de \u00edndole t\u00e9cnica, jur\u00eddica y administrativa necesarias para garantizar la seguridad de los datos de car\u00e1cter personal y evitar su alteraci\u00f3n, p\u00e9rdida, tratamiento o acceso no autorizado, los datos personales captados se almacenan en una respectiva base de datos cuya seguridad y pol\u00edticas de acceso se encuentran a disposici\u00f3n de personal autorizado, no obstante la sociedad no se responsabiliza por cualquier consecuencia derivada del ingreso indebido de terceros a la base de datos, manipulaciones il\u00edcitas o por alguna falla t\u00e9cnica en el funcionamiento o conservaci\u00f3n de datos en el sistema de almacenamiento de la informaci\u00f3n, que se encuentren fuera<\/p>\n<p align=\"justify\">de su \u00e1mbito de protecci\u00f3n.<\/p>\n<p align=\"justify\">Previa la recolecci\u00f3n de datos, se solicitar\u00e1 a los usuarios su consentimiento expreso para que la sociedad pueda hacer uso de los mismos.<\/p>\n<p align=\"justify\">La Autorizaci\u00f3n: Debe ser obtenida por escrito, de manera verbal o mediante conductas inequ\u00edvocas del titular que permitan concluir de manera razonable que el titular otorgo autorizaci\u00f3n. En el suministro de informaci\u00f3n ning\u00fan usuario podr\u00e1 utilizar la identidad o los datos de otra persona.<\/p>\n<p align=\"justify\">En todo momento la persona deber\u00e1 tener en cuenta que s\u00f3lo puede incluir datos correspondientes a su propia identidad los cuales deben ser adecuados, pertinentes, actuales y verdaderos.<\/p>\n<p align=\"justify\">Al aceptar esta pol\u00edtica de privacidad, los titulares autorizan para:<\/p>\n<p align=\"justify\">1) Usar los datos suministrados por ellos de cualquier manera electr\u00f3nica, para enviarles comunicaciones y otros documentos, o actualizaciones de programas.<\/p>\n<p align=\"justify\">2) Utilizar la informaci\u00f3n recibida de ellos, para fines de mercadeo de productos y servicios.<\/p>\n<p align=\"justify\">3) Compartir los datos personales con representantes comerciales.<\/p>\n<p align=\"justify\">4) Permitir el acceso a la informaci\u00f3n y datos personales a los auditores o terceros contratados para llevar a cabo procesos de auditor\u00eda interna o externa propios de la actividad comercial que desarrollamos.<\/p>\n<p align=\"justify\">5) Consultar y actualizar los datos personales, en cualquier tiempo, con el fin de mantener actualizada\u00a0dicha informaci\u00f3n.<\/p>\n<p align=\"justify\">La persona que suministre sus datos ser\u00e1 la \u00fanica responsable frente a cualquier perjuicio que llegare a causar a terceros o a la sociedad por el uso de datos personales de otra persona o, cuando haciendo referencia a sus propios datos, incluya informaci\u00f3n err\u00f3nea, falsa, desactualizada, inadecuada o impertinente.<\/p>\n<p align=\"justify\">Se presume la veracidad de la informaci\u00f3n suministrada por el titular, por tanto no asumimos la obligaci\u00f3n de verificaci\u00f3n de veracidad, vigencia, suficiencia y autenticidad de los datos\u00a0proporcionados.<\/p>\n<p><span style=\"color: #000000;\"><span style=\"font-size: medium;\"> <img align=\"left\" hspace=\"12\" \/> <img align=\"left\" hspace=\"12\" \/> <\/span><\/span><\/p>\n<p>&nbsp;<\/p>\n<p align=\"justify\">En consecuencia no asumimos responsabilidad por da\u00f1os y\/o perjuicios de toda naturaleza que pudieran tener origen en la falta de veracidad, vigencia, suficiencia o autenticidad de la informaci\u00f3n, incluyendo da\u00f1os y perjuicios que puedan deberse a la homonimia o a la suplantaci\u00f3n de la identidad.<\/p>\n<p align=\"justify\">La sociedad podr\u00e1 en todo caso a fin de constatar la veracidad de los datos personales suministrados, confirmando cuando considere necesario, acudiendo a entidades p\u00fablicas, compa\u00f1\u00edas especializadas o centrales de informaci\u00f3n.<\/p>\n<p align=\"justify\">La informaci\u00f3n que la sociedad obtenga de estas entidades ser\u00e1 tratada en forma confidencial.<\/p>\n<p align=\"justify\">Una vez suministrados sus datos personales, lo cual se surte de manera voluntaria y libre, a trav\u00e9s de la suscripci\u00f3n de contratos, diligenciamiento de formatos, v\u00eda telef\u00f3nica y\/o registro en nuestros portales Web, entre otros, dichos datos ser\u00e1n tratados adecuadamente, usados conforme la finalidad que se especifique para cada una de las bases de datos manejadas por la sociedad y almacenados en la base de datos pertinente de acuerdo al servicio o producto adquirido.<\/p>\n<p align=\"justify\">Lo recolectado: informaci\u00f3n y datos personales, pueden incluir, en todo o en parte seg\u00fan las necesidades de cada producto o servicio, entre otros los siguientes datos:<\/p>\n<p align=\"justify\">Nombres, apellidos, tipo y n\u00famero de identificaci\u00f3n, g\u00e9nero, nacionalidad, fecha y lugar de nacimiento, estado civil o parentesco en relaci\u00f3n con personas menores de edad, n\u00famero de tel\u00e9fonos fijos y celulares de contacto, direcciones, correo electr\u00f3nico, IP del cliente, a trav\u00e9s de cookies, oficios, cargos laborales, informaci\u00f3n requerida por los representantes de las \u00e1reas de ventas y\/o de relaciones con el cliente con la finalidad de atender solicitudes o reclamos, datos biom\u00e9tricos, huellas dactilares.<\/p>\n<p align=\"justify\">Delegaci\u00f3n y Encargo: Generalmente, la sociedad se encarga directamente del tratamiento y custodia de los Datos Personales captados y almacenados; sin embargo, se reserva el derecho a delegar en un tercero tal tratamiento, exigiendo al encargado la atenci\u00f3n e implementaci\u00f3n de las pol\u00edticas y procedimientos id\u00f3neos para la protecci\u00f3n de los datos personales y la estricta confidencialidad de los mismos, con la suscripci\u00f3n de \u201cAcuerdo de Tratamiento de Datos Personales con Tercero\u201d.<\/p>\n<p align=\"justify\">As\u00ed mismo, estos datos pueden ser almacenados y procesados en servidores ubicados en centros de c\u00f3mputo, ya sean propios o contratados con terceros proveedores, lo cual es autorizado por los titulares al aceptar esta Pol\u00edtica.<\/p>\n<p><span style=\"color: #000000;\"><span style=\"font-size: medium;\"> <img align=\"left\" hspace=\"12\" \/> <img align=\"left\" hspace=\"12\" \/> <\/span><\/span><\/p>\n<p>&nbsp;<\/p>\n<p align=\"justify\">Uso: La informaci\u00f3n recolectada es utilizada para procesar, confirmar, cumplir y proveer los servicios o productos de la sociedad, directamente y\/o con la participaci\u00f3n de otras compa\u00f1\u00edas o terceros, as\u00ed como para promocionar y publicitar nuestras actividades, productos y servicios, para fines administrativos internos y\/o comerciales tales como, investigaci\u00f3n de mercados, auditor\u00edas, reportes contables, an\u00e1lisis estad\u00edsticos, facturaci\u00f3n, y ofrecimientos.<\/p>\n<p align=\"justify\">Al aceptar esta Pol\u00edtica los titulares de datos recolectados, autorizan que la sociedad realice el tratamiento de los mismos, de forma parcial o total, incluyendo la recolecci\u00f3n, almacenamiento, grabaci\u00f3n, uso, circulaci\u00f3n, procesamiento, supresi\u00f3n, transmisi\u00f3n y\/o transferencia a terceros, para la ejecuci\u00f3n de las actividades relacionadas con el objeto social de la sociedad, quien podr\u00e1 suministrar una serie de datos, a los prestadores de servicios contables y jur\u00eddicos externos de la compa\u00f1\u00eda.<\/p>\n<p align=\"justify\">Por regla general, la informaci\u00f3n se refiere a los datos de identidad y contacto.<\/p>\n<p align=\"justify\">Derechos: Los titulares tienen derecho a:<\/p>\n<p align=\"justify\">a) conocer, actualizar, suprimir y rectificar sus datos personales frente a Responsables y Encargados;<\/p>\n<p align=\"justify\">b) Revocar la autorizaci\u00f3n y\/o solicitar la supresi\u00f3n del dato;<\/p>\n<p align=\"justify\">c) Solicitar prueba de la autorizaci\u00f3n al Responsable;<\/p>\n<p align=\"justify\">d) Ser informado respecto del uso de los datos;<\/p>\n<p align=\"justify\">e) presentar quejas ante la sociedad;<\/p>\n<p align=\"justify\">f) acceder en forma gratuita a sus datos personales y dem\u00e1s legales.<\/p>\n<p align=\"justify\">Este derecho se podr\u00e1 ejercer, entre otros, frente a datos parciales, inexactos, incompletos, fraccionados, que induzcan a error, o aquellos cuyo tratamiento est\u00e9 expresamente prohibido o no haya sido autorizado por su titular.<\/p>\n<p align=\"justify\">Preguntas, Quejas, Reclamos y Rectificaciones: La responsabilidad y manejo de los datos personales est\u00e1 a cargo de MedeSoft Developer SAS, sociedad identificada con Nit. 900.153.644-4, Portal web www.fargoz.com. La Sociedad ha establecido como procedimiento de protecci\u00f3n de los derechos mencionados y aquellos que legalmente se dispongan, el env\u00edo por el titular de una comunicaci\u00f3n al correo fargoz@gmail.com en el que se indique la petici\u00f3n o derecho que ejercita, nombre y apellidos del usuario y los datos de contacto para recibir notificaciones, disponiendo as\u00ed mismo de otras l\u00ednea de atenci\u00f3n PQRS (Preguntas, Quejas, Reclamos y Sugerencias) en nuestra cede principal, para su conocimiento:<\/p>\n<p align=\"justify\">1) Itagui-Antioquia, Direcci\u00f3n Cl 52 nro 50 &#8211; 48 Tel\u00e9fono 377 51 97. La sociedad dispone de cinco (5) d\u00edas h\u00e1biles para dar respuesta a su solicitud.<\/p>\n<p align=\"justify\">Excepciones: Por plena disposici\u00f3n legal esta pol\u00edtica no aplica en relaci\u00f3n a bases de datos o archivos que se mantengan:<\/p>\n<p><span style=\"color: #000000;\"><span style=\"font-size: medium;\"> <img align=\"left\" hspace=\"12\" \/> <img align=\"left\" hspace=\"12\" \/> <\/span><\/span><\/p>\n<p>&nbsp;<\/p>\n<p align=\"justify\">a) en un \u00e1mbito exclusivamente personal o dom\u00e9stico,<\/p>\n<p align=\"justify\">b) que tenga por finalidad la seguridad y defensa nacional;<\/p>\n<p align=\"justify\">c) que tengan por finalidad la prevenci\u00f3n, detecci\u00f3n, monitoreo y control del lavado de activos y financiaci\u00f3n del terrorismo;<\/p>\n<p align=\"justify\">d) datos de inteligencia y contrainteligencia;<\/p>\n<p align=\"justify\">e) que tengan datos y archivos period\u00edsticos y otros contenidos editoriales;<\/p>\n<p align=\"justify\">f) aquellas reguladas por la Ley 1266 de 2008 (datos financieros \u2013 crediticios);<\/p>\n<p align=\"justify\">g) aquellas reguladas por la Ley 79 de 1993 datos del DANE, as\u00ed mismo nos abstenemos de recolectar informaci\u00f3n de cualquier tipo proveniente de menores de edad, salvo autorizaci\u00f3n de su representante legal;<\/p>\n<p align=\"justify\">h) que tengan la naturaleza de Dato P\u00fablico, pues estos se regir\u00e1n por el principio de publicidad que les es propio y por las normas y principios consagrados en las normas especiales que los regulen.<\/p>\n<p align=\"justify\">Teniendo en cuenta que a lo largo de trayectoria comercial, la sociedad ha conservado algunos de los datos personales de clientes, trabajadores, anunciantes, colaboradores, aliados estrat\u00e9gicos, entre otros, en nuestras bases de datos, anteriores a la entrada en vigencia de esta pol\u00edtica y en cumplimiento de las normas legales, solicitamos comedidamente en caso de haber suministrado informaci\u00f3n anterior a la fecha de publicaci\u00f3n de esta Pol\u00edtica, que nos permita continuar con el tratamiento de sus datos personales, para lo cual requerimos de autorizaci\u00f3n. Dicha autorizaci\u00f3n debe ser suministrada por el titular de la informaci\u00f3n o en su defecto por sus causahabientes, sus representantes, tutores o apoderados, caso en el cual \u00e9stos deben acreditar la calidad en que act\u00faan, remiti\u00e9ndola al correo electr\u00f3nico fargoz@gmail.com, por correo f\u00edsico o presencialmente ante las direcciones de sedes previamente descritas.<\/p>\n<p align=\"justify\">El titular, en cualquier momento podr\u00e1 ejercer sus derechos de conocimiento, acceso, rectificaci\u00f3n, actualizaci\u00f3n, revocatoria y supresi\u00f3n de sus datos personales, siempre que no exista un mandato legal o contractual que faculte a la sociedad para continuar con el tratamiento directamente.<\/p>\n<p align=\"justify\">La sociedad se reserva el derecho a actualizar o modificar esta pol\u00edtica en cualquier momento y sin previo aviso, por lo cual recomienda al usuario revisarla con regularidad para asegurarse de que ha le\u00eddo la versi\u00f3n m\u00e1s reciente, siendo en todo caso responsabilidad del usuario su lectura.<\/p>\n<p align=\"justify\">Toda modificaci\u00f3n entrar\u00e1 en vigencia y tendr\u00e1 efectos desde su publicaci\u00f3n.<\/p>\n<p align=\"justify\">AVISO TRATAMIENTO DE DATOS PERSONALES<\/p>\n<p align=\"justify\">MedeSoft Developer SAS, cuenta con bases de datos que contendr\u00e1 informaci\u00f3n que usted suministrar\u00e1, la cual es recolectada para fines comerciales, de mercadeo, de control y otras realizadas en desarrollo de nuestro objeto social.<\/p>\n<p><span style=\"color: #000000;\"><span style=\"font-size: medium;\"> <img align=\"left\" hspace=\"12\" \/> <img align=\"left\" hspace=\"12\" \/> <\/span><\/span><\/p>\n<p>Para MedeSoft Developer SAS, lo m\u00e1s importante son nuestro recurso humano, proveedores, clientes, colaboradores y en general cualquier persona con v\u00ednculo con la sociedad,por ello en nuestra calidad de sujeto Responsable de tratamiento de datos personales, aplicamos lineamientos, pol\u00edticas, procedimientos y programas de privacidad que protegen sus datos personales, mediante el uso y mantenimiento de medidas de seguridad t\u00e9cnicas, f\u00edsicas y administrativas, a fin de impedir que terceros no autorizados accedan a los mismos, en cumplimiento as\u00ed de lo preceptuado en la Ley 1581 de 2012, su decreto reglamentario 1377 de junio de 2013 y nuestra Pol\u00edtica de tratamiento de Datos Personales que podr\u00e1 ser consultada en www.fargoz.com<\/p>\n<p align=\"justify\">Los derechos que le asisten como titular de la informaci\u00f3n son: conocer, actualizar, rectificar y solicitar la supresi\u00f3n de sus datos personales; solicitar la prueba de la autorizaci\u00f3n otorgada; ser informado sobre el uso que se da a sus datos personales; presentar quejas por infracciones a lo dispuesto en las normas de datos personales; revocar la autorizaci\u00f3n otorgada y consultar de forma gratuita los datos personales previamente autorizados.<\/p>\n<p align=\"justify\">Al ingresar a nuestras instalaciones o suministrarnos informaci\u00f3n sujeta a la Pol\u00edtica de Tratamiento de Datos Personales, usted autoriza de manera inequ\u00edvoca que MedeSoft Developer SAS, efect\u00faa el tratamiento a dichos datos y en todo caso la sociedad podr\u00e1 transferir sus datos personales a terceros, afiliados o filiales, de conformidad con su objeto social y en desarrollo del mismo.<\/p>\n<p align=\"justify\">En dichos supuestos, le informamos que MedeSoft Developer SAS adoptar\u00e1 las medidas necesarias para que las personas que tengan acceso a sus datos personales cumplan con la Pol\u00edtica de Tratamiento de Datos Personales as\u00ed como los principios establecidos en la ley.<\/p>\n<p align=\"justify\">Para dudas e inquietudes relacionadas con el tema al correo fargoz@gmail.com en el que se indique la petici\u00f3n, solicitud o derecho que ejercita, nombre y apellidos del usuario y los datos de contacto para recibir notificaciones, disponiendo as\u00ed mismo de otras l\u00ednea de atenci\u00f3n PQRS (Preguntas, Quejas, Reclamos y Sugerencias) en nuestra linea de atenci\u00f3n 377 51 97.<\/p>\n","protected":false},"excerpt":{"rendered":"<p>MedeSoft Developer SAS POL\u00cdTICA DE TRATAMIENTO DE DATOS PERSONALES Por lo dispuesto en la Ley 1581 de 2012 \u201cLey Estatutaria para la protecci\u00f3n de Datos Personales\u201d y su respectivo Decreto Reglamentario No. 1377 de junio de 2013, se manifiesta que MedeSoft Developer SAS, actuar\u00e1 como Sujeto Responsable de tratamiento de<\/p>\n","protected":false},"author":1,"featured_media":0,"parent":0,"menu_order":0,"comment_status":"closed","ping_status":"closed","template":"","meta":{"footnotes":""},"class_list":["post-347","page","type-page","status-publish","hentry"],"_links":{"self":[{"href":"https:\/\/www.fmovil.co\/index.php\/wp-json\/wp\/v2\/pages\/347","targetHints":{"allow":["GET"]}}],"collection":[{"href":"https:\/\/www.fmovil.co\/index.php\/wp-json\/wp\/v2\/pages"}],"about":[{"href":"https:\/\/www.fmovil.co\/index.php\/wp-json\/wp\/v2\/types\/page"}],"author":[{"embeddable":true,"href":"https:\/\/www.fmovil.co\/index.php\/wp-json\/wp\/v2\/users\/1"}],"replies":[{"embeddable":true,"href":"https:\/\/www.fmovil.co\/index.php\/wp-json\/wp\/v2\/comments?post=347"}],"version-history":[{"count":0,"href":"https:\/\/www.fmovil.co\/index.php\/wp-json\/wp\/v2\/pages\/347\/revisions"}],"wp:attachment":[{"href":"https:\/\/www.fmovil.co\/index.php\/wp-json\/wp\/v2\/media?parent=347"}],"curies":[{"name":"wp","href":"https:\/\/api.w.org\/{rel}","templated":true}]}}