{"id":32,"date":"2015-07-27T10:42:52","date_gmt":"2015-07-27T15:42:52","guid":{"rendered":"http:\/\/medesoft.co\/eliza\/?page_id=32"},"modified":"2015-07-27T10:42:52","modified_gmt":"2015-07-27T15:42:52","slug":"actualizacion-y-soporte","status":"publish","type":"page","link":"https:\/\/www.fmovil.co\/index.php\/actualizacion-y-soporte\/","title":{"rendered":"Actualizaci\u00f3n y Soporte"},"content":{"rendered":"<div id=\"pl-32\"  class=\"panel-layout\" >\n<div id=\"pg-32-0\"  class=\"panel-grid panel-no-style\" >\n<div id=\"pgc-32-0-0\"  class=\"panel-grid-cell\"  data-weight=\"1\" >\n<div id=\"panel-32-0-0-0\" class=\"so-panel widget widget_sow-editor panel-first-child\" data-index=\"0\" data-style=\"{&quot;background_image_attachment&quot;:false,&quot;background_display&quot;:&quot;tile&quot;}\" >\n<div class=\"so-widget-sow-editor so-widget-sow-editor-base\">\n<div class=\"siteorigin-widget-tinymce textwidget\">\n<p style=\"text-align: justify;\"><span style=\"color: #000000;\">Este es nuestro producto complementario, del sistema comercial Fargoz, donde los usuarios podr\u00e1n tener los siguientes beneficios.<\/span><\/p>\n<ul>\n<li style=\"text-align: justify;\"><span style=\"color: #000000;\">Soporte Telef\u00f3nico Gratuito.<\/span><\/li>\n<li style=\"text-align: justify;\"><span style=\"color: #000000;\">Soporte a trav\u00e9s de Internet o TeamViewer.<\/span><\/li>\n<li style=\"text-align: justify;\"><span style=\"color: #000000;\">Participar en eventos, V\u00eddeo Conferencias, seminarios Totalmente Gratuitos.<\/span><\/li>\n<li style=\"text-align: justify;\"><span style=\"color: #000000;\">Utilizar el correo, sugerencias para futuros cambios en el sistema ( Estos cambios son basados en las licencias de los m\u00f3dulos que el usuario tenga actualmente y que sirvan a toda la comunidad de usuarios de fargoz, y son basados en informes o procesos ya existentes, reportes nuevos o procesos nuevos se cotizan para su posterior desarrollo y no hacen parte de las actualizaciones )<\/span><\/li>\n<li style=\"text-align: justify;\"><span style=\"color: #000000;\">Si se desean Horas adicionales solo tendr\u00e1n un costo del 50% de la Hora Actual asesor\u00eda.<\/span><\/li>\n<li style=\"text-align: justify;\"><span style=\"color: #000000;\">Obtener los Productos Nuevos que se obsequian a los usuarios con soporte anualmente.<\/span><\/li>\n<li style=\"text-align: justify;\"><span style=\"color: #000000;\">Recibir Actualizaciones Nuevas cada 3 o 4 meses, con las ultimas herramientas del fargoz.<\/span><\/li>\n<li style=\"text-align: justify;\"><span style=\"color: #000000;\">Visita a las empresas para auditoria, mantenimiento y revisi\u00f3n de algunos procesos cada 2 meses. (solo Medellin, otras ciudades remoto)<\/span><\/li>\n<li style=\"text-align: justify;\"><span style=\"color: #000000;\">Obtener descuentos del 10, 20 y hasta 30% en productos nuevos del fargoz, capacitaciones para el personal de su empresa, y desarrollos espec\u00edficos.<\/span><\/li>\n<li>Seguro del Sistema en caso de perdida o da\u00f1o de los programas se repone la ultima versi\u00f3n del programa con todas las licencias adquiridas.<\/li>\n<li>Por pol\u00edtica de la empresa se requiere un L\u00edder administrador del sistema fargoz, el cual recibir\u00e1 el soporte y la capacitaci\u00f3n, el cual compartir\u00e1 con los otros departamentos de la empresa.\u00a0 (conocimientos b\u00e1sicos de sistemas o avanzados seg\u00fan el tama\u00f1o de la empresa)<\/li>\n<li>Para que el soporte sea efectivo, el usuario debe mantener en perfecto estado y funcionamiento (siendo Su responsabilidad)\u00a0 su RED, su servidor y sus maquinas (PC,Dispositivos M\u00f3viles,Tablets, Impresoras,Balanzas,Suiches,Routers ETC),Protecci\u00f3n El\u00e9ctrica (UPS,NAS,Plantas El\u00e9ctricas), Al igual que copia de soporte Diariamente de su informaci\u00f3n (realizada correctamente sin errores).<\/li>\n<li>Dentro de cada Actualizaci\u00f3n del sistema fargoz, se env\u00eda licencia de uso y sus respectivas clausulas.<\/li>\n<li>El usuario Podr\u00e1 cancelar dicho contrato de soporte y actualizaci\u00f3n con previo aviso de un mes, Igualmente MedeSoft Developer SAS, se reserva el derecho de cancelar o terminar el soporte a un usuario en caso de que no se cumplan con las pol\u00edticas de licencias o soporte exigidas por fargoz.<\/li>\n<\/ul>\n<\/div>\n<\/div>\n<\/div>\n<div id=\"panel-32-0-0-1\" class=\"so-panel widget widget_sow-cta panel-last-child\" data-index=\"1\" data-style=\"{&quot;background_display&quot;:&quot;tile&quot;}\" >[siteorigin_widget class=&#8221;SiteOrigin_Widget_Cta_Widget&#8221;]<input type=\"hidden\" value=\"{&quot;instance&quot;:{&quot;title&quot;:&quot;Soporte Remoto&quot;,&quot;sub_title&quot;:&quot;Descarga nuestro programa de soporte remoto Fargoz&quot;,&quot;design&quot;:{&quot;background_color&quot;:false,&quot;border_color&quot;:false,&quot;button_align&quot;:&quot;right&quot;,&quot;so_field_container_state&quot;:&quot;closed&quot;},&quot;button&quot;:{&quot;text&quot;:&quot;Descargar&quot;,&quot;url&quot;:&quot;http:\\\/\\\/www.fargoz.com\\\/t\\\/teamviewerqs.exe&quot;,&quot;button_icon&quot;:{&quot;icon_selected&quot;:&quot;icomoon-download3&quot;,&quot;icon_color&quot;:&quot;#ffffff&quot;,&quot;icon&quot;:0,&quot;so_field_container_state&quot;:&quot;closed&quot;},&quot;design&quot;:{&quot;theme&quot;:&quot;atom&quot;,&quot;button_color&quot;:&quot;#0000aa&quot;,&quot;text_color&quot;:&quot;#ffffff&quot;,&quot;hover&quot;:true,&quot;font_size&quot;:&quot;1&quot;,&quot;rounding&quot;:&quot;0.25&quot;,&quot;padding&quot;:&quot;1&quot;,&quot;so_field_container_state&quot;:&quot;closed&quot;},&quot;attributes&quot;:{&quot;id&quot;:&quot;&quot;,&quot;title&quot;:&quot;&quot;,&quot;onclick&quot;:&quot;&quot;,&quot;so_field_container_state&quot;:&quot;closed&quot;},&quot;new_window&quot;:false},&quot;_sow_form_id&quot;:&quot;562fda8aa8e29&quot;,&quot;so_sidebar_emulator_id&quot;:&quot;sow-cta-3210001&quot;,&quot;option_name&quot;:&quot;widget_sow-cta&quot;},&quot;args&quot;:{&quot;before_widget&quot;:&quot;&lt;div id=\\&quot;panel-32-0-0-1\\&quot; class=\\&quot;so-panel widget widget_sow-cta panel-last-child\\&quot; data-index=\\&quot;1\\&quot; data-style=\\&quot;{&amp;quot;background_display&amp;quot;:&amp;quot;tile&amp;quot;}\\&quot; &gt;&quot;,&quot;after_widget&quot;:&quot;&lt;\\\/div&gt;&quot;,&quot;before_title&quot;:&quot;&lt;h3 class=\\&quot;widget-title\\&quot;&gt;&quot;,&quot;after_title&quot;:&quot;&lt;\\\/h3&gt;&quot;,&quot;widget_id&quot;:&quot;widget-0-0-1&quot;}}\" \/>[\/siteorigin_widget]<\/div>\n<\/div>\n<\/div>\n<\/div>\n","protected":false},"excerpt":{"rendered":"<p>Este es nuestro producto complementario, del sistema comercial Fargoz, donde los usuarios podr\u00e1n tener los siguientes beneficios. Soporte Telef\u00f3nico Gratuito. Soporte a trav\u00e9s de Internet o TeamViewer. Participar en eventos, V\u00eddeo Conferencias, seminarios Totalmente Gratuitos. Utilizar el correo, sugerencias para futuros cambios en el sistema ( Estos cambios son basados<\/p>\n","protected":false},"author":1,"featured_media":283,"parent":0,"menu_order":5,"comment_status":"closed","ping_status":"closed","template":"","meta":{"footnotes":""},"class_list":["post-32","page","type-page","status-publish","has-post-thumbnail","hentry"],"_links":{"self":[{"href":"https:\/\/www.fmovil.co\/index.php\/wp-json\/wp\/v2\/pages\/32","targetHints":{"allow":["GET"]}}],"collection":[{"href":"https:\/\/www.fmovil.co\/index.php\/wp-json\/wp\/v2\/pages"}],"about":[{"href":"https:\/\/www.fmovil.co\/index.php\/wp-json\/wp\/v2\/types\/page"}],"author":[{"embeddable":true,"href":"https:\/\/www.fmovil.co\/index.php\/wp-json\/wp\/v2\/users\/1"}],"replies":[{"embeddable":true,"href":"https:\/\/www.fmovil.co\/index.php\/wp-json\/wp\/v2\/comments?post=32"}],"version-history":[{"count":0,"href":"https:\/\/www.fmovil.co\/index.php\/wp-json\/wp\/v2\/pages\/32\/revisions"}],"wp:featuredmedia":[{"embeddable":true,"href":"https:\/\/www.fmovil.co\/index.php\/wp-json\/wp\/v2\/media\/283"}],"wp:attachment":[{"href":"https:\/\/www.fmovil.co\/index.php\/wp-json\/wp\/v2\/media?parent=32"}],"curies":[{"name":"wp","href":"https:\/\/api.w.org\/{rel}","templated":true}]}}