{"id":22,"date":"2015-07-22T15:44:56","date_gmt":"2015-07-22T15:44:56","guid":{"rendered":"http:\/\/medesoft.co\/eliza\/?page_id=22"},"modified":"2021-09-28T19:29:41","modified_gmt":"2021-09-28T19:29:41","slug":"fargoz-p-o-s","status":"publish","type":"page","link":"https:\/\/www.fmovil.co\/index.php\/productos\/fargoz-p-o-s\/","title":{"rendered":"Fargoz P.O.S."},"content":{"rendered":"<h2 class=\"alignright\"><span style=\"color: #000000;\">\u00a0<\/span><\/h2>\n<h3 style=\"text-align: justify;\"><span style=\"color: #000000;\">FARGOZ SISTEMA DE PUNTO DE VENTA<\/span><\/h3>\n<p style=\"text-align: justify;\"><span style=\"color: #000000;\"><a style=\"color: #000000;\" href=\"http:\/\/fargoz.com\/wp-content\/uploads\/2015\/11\/pos01.jpg\"><img loading=\"lazy\" decoding=\"async\" class=\"alignright wp-image-155 size-full\" src=\"http:\/\/fargoz.com\/wp-content\/uploads\/2015\/11\/pos01.jpg\" alt=\"pos01\" width=\"488\" height=\"291\" srcset=\"https:\/\/www.fmovil.co\/wp-content\/uploads\/2015\/11\/pos01.jpg 488w, https:\/\/www.fmovil.co\/wp-content\/uploads\/2015\/11\/pos01-300x179.jpg 300w\" sizes=\"auto, (max-width: 488px) 100vw, 488px\" \/><\/a>El Sistema de Punto de\u00a0Venta, es el sistema\u00a0m\u00e1s\u00a0eficiente en la facturaci\u00f3n de contado a clientes, maneja todas las referencias del inventario, permitiendo as\u00ed, el registro directo en pantalla, y descargando en l\u00ednea los inventarios, es decir, se tendr\u00e1n existencias actualizadas a todo momento.<\/span><br \/>\n<span style=\"color: #000000;\"> Se conocen las ventas del d\u00eda en cuesti\u00f3n de segundos, ya sea en formato num\u00e9rico o gr\u00e1fico.<\/span><br \/>\n<span style=\"color: #000000;\"> Permite hacer arqueos por Usuario.<\/span><br \/>\n<span style=\"color: #000000;\"> Permite saber las ventas por grupos o l\u00edneas de mercanc\u00eda.<\/span><br \/>\n<span style=\"color: #000000;\"> Permite saber las ventas por cajas.<\/span><br \/>\n<span style=\"color: #000000;\"> Ventas por Usuarios.<\/span><br \/>\n<span style=\"color: #000000;\"> Promociones Autom\u00e1ticas configuradas por el usuario<\/span><br \/>\n<span style=\"color: #000000;\"> Manejo de Teclas para Leer Tirillas de B\u00e1sculas de carnes o Frutas.<\/span><br \/>\n<span style=\"color: #000000;\"> Manejo de c\u00f3digo explosivos Para Manejar anchetas o Mercados En Bolsas.<\/span><\/p>\n<p style=\"text-align: justify;\"><span style=\"color: #000000;\">En la manipulaci\u00f3n de la caja:<\/span><br \/>\n<span style=\"color: #000000;\"> &#8211; Permite buscar por el c\u00f3digo del art\u00edculo.<\/span><br \/>\n<span style=\"color: #000000;\"> &#8211; Buscar por las iniciales del art\u00edculo.<\/span><br \/>\n<span style=\"color: #000000;\"> &#8211; Permite los lectores de c\u00f3digo de barras, que es la manera m\u00e1s r\u00e1pida de captura de informaci\u00f3n.<\/span><br \/>\n<span style=\"color: #000000;\"> &#8211; Permite dar descuentos por Art\u00edculo y descuentos pie factura.<\/span><br \/>\n<span style=\"color: #000000;\"> &#8211; Permite Borrar registros de ventas.<\/span><br \/>\n<span style=\"color: #000000;\"> &#8211; Permite Cambiar Precios de ventas y deja auditor\u00eda de los cambios.<\/span><br \/>\n<span style=\"color: #000000;\"> &#8211; Permite Manejar diferentes formas de pago:<\/span><\/p>\n<p style=\"text-align: justify;\"><span style=\"color: #000000;\">&#8211; Cancelaciones en efectivo<\/span><br \/>\n<span style=\"color: #000000;\"> &#8211; Cancelaciones en cheque<\/span><br \/>\n<span style=\"color: #000000;\"> &#8211; Cancelaciones con tarjetas<\/span><br \/>\n<span style=\"color: #000000;\"> &#8211; Tambi\u00e9n permite manejar Bancos y Corporaciones<\/span><\/p>\n<p style=\"text-align: justify;\"><span style=\"color: #000000;\">&#8211; Configura los diferentes usuarios que manejar\u00e1n cada una de las cajas asign\u00e1ndoles permisos o derechos para ciertas actividades en la caja:<\/span><br \/>\n<span style=\"color: #000000;\"> &#8211; Permite definir diferentes tipos de tirilla, a gusto del usuario.<\/span><br \/>\n<span style=\"color: #000000;\"> &#8211; Abrir el monedero sin necesidad de llaves (Con autorizaci\u00f3n del Supervisor)<\/span><br \/>\n<span style=\"color: #000000;\"> &#8211; Descargar los art\u00edculos totalmente en l\u00ednea o por lotes (En Disquetes)<\/span><br \/>\n<span style=\"color: #000000;\"> &#8211; Posee Potentes Generadores de reportes para que el usuario defina su informe a su gusto.<\/span><br \/>\n<span style=\"color: #000000;\"> &#8211; Posee consultas en l\u00ednea para mirar el comportamiento de ventas y registro por cada uno\u00a0de los cajeros.<\/span><br \/>\n<span style=\"color: #000000;\"> &#8211; Correo interno para enviar mensajes a las cajeras<\/span><br \/>\n<span style=\"color: #000000;\"> &#8211; Comunicaci\u00f3n entre Cajeras totalmente en Linea.<\/span><br \/>\n<span style=\"color: #000000;\"> &#8211; Buz\u00f3n para cajeras, las cajeras env\u00edan mensajes de sugerencias al servidor<\/span><br \/>\n<span style=\"color: #000000;\"> &#8211; Permite anular facturas desde el mismo punto de venta y ajustar el inventario<\/span><br \/>\n<span style=\"color: #000000;\"> &#8211; Monitorear las cajas, para saber qu\u00e9 est\u00e1n registrando, desde otra pantalla<\/span><br \/>\n<span style=\"color: #000000;\"> &#8211; Bloqueos de cajas, desde cualquier estaci\u00f3n<\/span><br \/>\n<span style=\"color: #000000;\"> &#8211; Sistema de recuperaci\u00f3n y diagn\u00f3stico autom\u00e1tico por ca\u00edda el\u00e9ctrica<\/span><br \/>\n<span style=\"color: #000000;\"> &#8211; Sistema General de Auditor\u00eda para usuarios, es decir, este proceso le dice todo el\u00a0recorrido que el usuario realiz\u00f3 hasta que sali\u00f3 de la aplicaci\u00f3n<\/span><br \/>\n<span style=\"color: #000000;\"> &#8211; Registro de ventas a Clientes de Contado<\/span><br \/>\n<span style=\"color: #000000;\"> &#8211; Informe de ventas de Productos gravados, exentos y excluidos (Por Grupos)<\/span><br \/>\n<span style=\"color: #000000;\"> &#8211; Productos vendidos a cada cliente y total comprado por cliente de contado<\/span><br \/>\n<span style=\"color: #000000;\"> &#8211; Movimientos configurables para cada caja (ventas, Devoluciones, Bonos,Promociones.)<\/span><br \/>\n<span style=\"color: #000000;\"> &#8211; Se cuenta con una opci\u00f3n de registro de las recogidas de dinero que se le realiza a cada\u00a0cajera, para controlar el dinero que hay en la caja.<\/span><br \/>\n<span style=\"color: #000000;\"> &#8211; El sistema de impresi\u00f3n de la tirilla es totalmente en l\u00ednea, es decir, cada registro que se\u00a0haga en el punto de venta inmediatamente ser\u00e1 impreso, simulando la impresi\u00f3n de una\u00a0caja registradora normal lo que garantiza mayor velocidad en la transacci\u00f3n, sin afectar\u00a0por esto las correcciones o anulaciones de transacciones con las que cuenta el sistema.<\/span><br \/>\n<span style=\"color: #000000;\"> &#8211; Permite Congelamiento de Facturas.<\/span><br \/>\n<span style=\"color: #000000;\"> &#8211; Configuraci\u00f3n de Promociones por D\u00edas y Horas<\/span><br \/>\n<span style=\"color: #000000;\"> &#8211; Configuraci\u00f3n de Promociones por Art\u00edculos o Grupos de Mercanc\u00eda.<\/span><\/p>\n<p style=\"text-align: justify;\"><span style=\"color: #000000;\">&#8211; <strong>POTENTE<\/strong> Sistema de Puntos, Donde el Cliente Puede Acumular Puntos por Diferentes\u00a0opciones que el Usuario Configura.<\/span><br \/>\n<span style=\"color: #000000;\"> &#8211; Sistema de Ruleta Incorporada para Hacer Rifas desde Cualquier Caja.<\/span><\/p>\n<p style=\"text-align: justify;\"><span style=\"color: #000000;\">-Amigable pantalla de captura de informaci\u00f3n:<\/span><br \/>\n<span style=\"color: #000000;\"> &#8211; El nombre del producto siempre en pantalla<\/span><br \/>\n<span style=\"color: #000000;\"> &#8211; El precio del producto siempre en pantalla<\/span><br \/>\n<span style=\"color: #000000;\"> &#8211; El total de la factura en pantalla<\/span><br \/>\n<span style=\"color: #000000;\"> &#8211; Visualiza los n\u00fameros en un formato muy amplio, con el cual tanto el\u00a0usuario como el cliente, pueden apreciar lo que se esta registrando.<\/span><br \/>\n<span style=\"color: #000000;\"> &#8211; Permite comunicaci\u00f3n de los cajeros con el servidor.<\/span><br \/>\n<span style=\"color: #000000;\"> &#8211; Permite cambiar los precios de ventas, por medio de clave.<\/span><br \/>\n<span style=\"color: #000000;\"> &#8211; Calculadora activada por medio de una tecla con las funciones b\u00e1sicas de\u00a0operaci\u00f3n.<\/span><br \/>\n<span style=\"color: #000000;\"> &#8211; Hoja informativa para la cajera, donde se le pueden especificar\u00a0procedimientos de pago, o cualquier tema que la cajera deba conocer, en\u00a0el registro de ventas.<\/span><br \/>\n<span style=\"color: #000000;\"> &#8211; Potente Banco de Datos, donde almacenan todos los pagos realizados\u00a0con cheques, tarjetas o bonos, relacionando la c\u00e9dula, cuenta, girador y\u00a0beneficiarios, tel\u00e9fono y autorizaciones, agiliza la autorizaci\u00f3n de cheques.<\/span><br \/>\n<span style=\"color: #000000;\"> &#8211; Selecci\u00f3n de informaci\u00f3n por medio de ventanas, y b\u00fasquedas por cualquier\u00a0tipo de objeto.<\/span><br \/>\n<span style=\"color: #000000;\"> &#8211; Programas especiales que permiten hacer una auditor\u00eda sobre los costos y\u00a0precios de ventas del sistema.<\/span><br \/>\n<span style=\"color: #000000;\"> &#8211; M\u00f3dulos para recuperaci\u00f3n de cajas por ca\u00edda el\u00e9ctrica.<\/span><br \/>\n<span style=\"color: #000000;\"> &#8211; Chequeadores de archivos, para verificar los posibles da\u00f1os del Sistema con\u00a0respecto a los archivos de ventas.<\/span><\/p>\n<p style=\"text-align: justify;\"><span style=\"color: #000000;\">&#8211; El Fargoz hace interfaces con otros programas que requieran compartir su informaci\u00f3n con \u00e9l, leyendo archivos planos y tomando de ellos los datos requeridos e igualmente genera archivos planos que pueden ser le\u00eddos por otros programas, agilizando el manejo de la informaci\u00f3n.<\/span><\/p>\n<p style=\"text-align: justify;\"><span style=\"color: #000000;\">&#8211; Cumple con Requerimientos de la DIAN SAF (Software Autorizado de Facturaci\u00f3n)<\/span><br \/>\n<span style=\"color: #000000;\"> Autorizaci\u00f3n Numero 00003 c\u00f3digo de proveedor 110201<\/span><\/p>\n<p style=\"text-align: justify;\"><span style=\"color: #000000;\">Manejo de Generaci\u00f3n de archivos planos Para CTM (Cinta Testigo Magn\u00e9tica)<\/span><br \/>\n<span style=\"color: #000000;\"> Manejo de Archivos planos para Memoria Fiscal.<\/span><\/p>\n<ul>\n<li style=\"text-align: justify;\"><span style=\"color: #000000;\">Generalidad por d\u00eda<\/span><\/li>\n<li style=\"text-align: justify;\"><span style=\"color: #000000;\">Generalidad por departamento<\/span><\/li>\n<li style=\"text-align: justify;\"><span style=\"color: #000000;\">Totales por medio de pago<\/span><\/li>\n<li style=\"text-align: justify;\"><span style=\"color: #000000;\">Reporte fiscal por rangos y totales acumulados.<\/span><\/li>\n<li style=\"text-align: justify;\"><span style=\"color: #000000;\">Impresi\u00f3n de Comprobantes diarios.<\/span><\/li>\n<li style=\"text-align: justify;\"><span style=\"color: #000000;\">Almacenamiento de Cambio de Tarifas de Impuestos.<\/span><\/li>\n<li style=\"text-align: justify;\"><span style=\"color: #000000;\">Modulo de API FISCAL<\/span><\/li>\n<li style=\"text-align: justify;\"><span style=\"color: #000000;\">Maneja todo tipo de tarifas de impuestos , Bases gravables, y Costo de venta por Grupos , Productos o Lineas.<\/span><\/li>\n<\/ul>\n","protected":false},"excerpt":{"rendered":"<p>\u00a0 FARGOZ SISTEMA DE PUNTO DE VENTA El Sistema de Punto de\u00a0Venta, es el sistema\u00a0m\u00e1s\u00a0eficiente en la facturaci\u00f3n de contado a clientes, maneja todas las referencias del inventario, permitiendo as\u00ed, el registro directo en pantalla, y descargando en l\u00ednea los inventarios, es decir, se tendr\u00e1n existencias actualizadas a todo momento.<\/p>\n","protected":false},"author":1,"featured_media":0,"parent":20,"menu_order":1,"comment_status":"closed","ping_status":"closed","template":"","meta":{"footnotes":""},"class_list":["post-22","page","type-page","status-publish","hentry"],"_links":{"self":[{"href":"https:\/\/www.fmovil.co\/index.php\/wp-json\/wp\/v2\/pages\/22","targetHints":{"allow":["GET"]}}],"collection":[{"href":"https:\/\/www.fmovil.co\/index.php\/wp-json\/wp\/v2\/pages"}],"about":[{"href":"https:\/\/www.fmovil.co\/index.php\/wp-json\/wp\/v2\/types\/page"}],"author":[{"embeddable":true,"href":"https:\/\/www.fmovil.co\/index.php\/wp-json\/wp\/v2\/users\/1"}],"replies":[{"embeddable":true,"href":"https:\/\/www.fmovil.co\/index.php\/wp-json\/wp\/v2\/comments?post=22"}],"version-history":[{"count":1,"href":"https:\/\/www.fmovil.co\/index.php\/wp-json\/wp\/v2\/pages\/22\/revisions"}],"predecessor-version":[{"id":732,"href":"https:\/\/www.fmovil.co\/index.php\/wp-json\/wp\/v2\/pages\/22\/revisions\/732"}],"up":[{"embeddable":true,"href":"https:\/\/www.fmovil.co\/index.php\/wp-json\/wp\/v2\/pages\/20"}],"wp:attachment":[{"href":"https:\/\/www.fmovil.co\/index.php\/wp-json\/wp\/v2\/media?parent=22"}],"curies":[{"name":"wp","href":"https:\/\/api.w.org\/{rel}","templated":true}]}}