{"id":20,"date":"2015-07-22T15:40:41","date_gmt":"2015-07-22T20:40:41","guid":{"rendered":"http:\/\/medesoft.co\/eliza\/?page_id=20"},"modified":"2020-06-12T02:59:18","modified_gmt":"2020-06-12T02:59:18","slug":"productos","status":"publish","type":"page","link":"https:\/\/www.fmovil.co\/index.php\/productos\/","title":{"rendered":"Productos"},"content":{"rendered":"<p style=\"text-align: justify;\"><span style=\"color: #000000;\">Nuestra marca <strong>FARGOZ<\/strong>, esta representada en una serie de productos de alta calidad y respaldo, para las empresas que desean mantener sus sistemas de informaci\u00f3n al d\u00eda. Son herramientas de software, construidas a partir de experiencias con nuestros usuarios, quienes han contribuido, a la mejora de la misma.<\/span><\/p>\n<h5><a href=\"https:\/\/www.fmovil.co\/index.php\/productos\/fargoz-p-o-s\/\">Fargoz P.O.S.<\/a><\/h5>\n<p>El Sistema de Punto de Venta, es el sistema m\u00e1s eficiente en la facturaci\u00f3n de contado a clientes.<\/p>\n<p class=\"sow-more-text\"><a href=\"https:\/\/www.fmovil.co\/index.php\/productos\/fargoz-p-o-s\/\">Leer m\u00e1s&#8230;<\/a><\/p>\n<h5><a href=\"https:\/\/www.fmovil.co\/index.php\/productos\/fargoz-inventario\/\">Fargoz Inventario<\/a><\/h5>\n<p>Manejo de bodegas, proveedor para cada producto. Maneja hasta 19 caracteres, maneja c\u00f3digo de barras, valorizaci\u00f3n de inventario a Costo Promedio o Ultimo Costo.<\/p>\n<p class=\"sow-more-text\"><a href=\"https:\/\/www.fmovil.co\/index.php\/productos\/fargoz-inventario\/\"> Leer m\u00e1s&#8230; <\/a><\/p>\n<h5><a href=\"https:\/\/www.fmovil.co\/index.php\/productos\/fargoz-compras\/\">Fargoz Compras<\/a><\/h5>\n<p>Maneja compras para 99 bodegas, compras de ambas sucursales, compras de proveedor. Permite manejar los costos de mercanc\u00eda por proveedor; m\u00f3dulo estad\u00edstico de compras, descuentos.<\/p>\n<p class=\"sow-more-text\"><a href=\"https:\/\/www.fmovil.co\/index.php\/productos\/fargoz-compras\/\"> Leer m\u00e1s&#8230; <\/a><\/p>\n<h5><a href=\"https:\/\/www.fmovil.co\/index.php\/productos\/fargoz-cartera\/\">Fargoz Cartera<\/a><\/h5>\n<p>Maneja ventas a cr\u00e9dito y de contado a clientes; maneja la cuenta, saldo por cliente y factura, abonos y cancelaci\u00f3n por cliente; notas d\u00e9bito y cr\u00e9dito, adem\u00e1s otros tipos de movimientos configurables por el usuario; informe general de cuentas por cobrar.<\/p>\n<p class=\"sow-more-text\"><a href=\"https:\/\/www.fmovil.co\/index.php\/productos\/fargoz-cartera\/\"> Leer m\u00e1s&#8230; <\/a><\/p>\n<h5><a href=\"https:\/\/www.fmovil.co\/index.php\/productos\/fargoz-telemercadeo\/\">Fargoz Telemercadeo<\/a><\/h5>\n<p>Mediante el M\u00f3dulo de Telemercadeo se pueden realizar documentos tales como Las Ordenes de Compra, Cotizaciones y Pedidos.<\/p>\n<p class=\"sow-more-text\"><a href=\"https:\/\/www.fmovil.co\/index.php\/productos\/fargoz-telemercadeo\/\"> Leer m\u00e1s&#8230; <\/a><\/p>\n<h5><a href=\"https:\/\/www.fmovil.co\/index.php\/productos\/fargoz-movil\/\">Fargoz M\u00f3vil<\/a><\/h5>\n<p>Es un Programa M\u00f3vil para el sistema Operativo Android , que permite la recolecci\u00f3n de datos de los vendedores con los clientes a nivel de pedidos.<\/p>\n<p class=\"sow-more-text\"><a href=\"https:\/\/www.fmovil.co\/index.php\/productos\/fargoz-movil\/\"> Leer m\u00e1s&#8230; <\/a><\/p>\n<h5><a href=\"https:\/\/www.fmovil.co\/index.php\/productos\/fargoz-produccion\/\">Fargoz Producci\u00f3n<\/a><\/h5>\n<p>Maneja los diferentes procesos de una panader\u00eda, al igual que su formulaci\u00f3n detallada para la fabricaci\u00f3n de nuevos productos, puede generar reportes de los estados de producci\u00f3n.<\/p>\n<p class=\"sow-more-text\"><a href=\"https:\/\/www.fmovil.co\/index.php\/productos\/fargoz-produccion\/\"> Leer m\u00e1s&#8230; <\/a><\/p>\n<h5><a href=\"https:\/\/www.fmovil.co\/index.php\/productos\/fargoz-parabolica\/\">Fargoz Parab\u00f3lica<\/a><\/h5>\n<p>Software Desarrollado para el manejo de la gesti\u00f3n administrativa de una empresa prestadora de servicios de televisi\u00f3n por cable.<\/p>\n<p class=\"sow-more-text\"><a href=\"https:\/\/www.fmovil.co\/index.php\/productos\/fargoz-parabolica\/\"> Leer m\u00e1s&#8230; <\/a><\/p>\n<h5><a href=\"https:\/\/www.fmovil.co\/index.php\/productos\/otros-productos\/\">Otros Productos<\/a><\/h5>\n<p>Nuestro compromiso con los Usuarios es ir innovando y generando nuevas herramientas que ayuden o faciliten el trabajo empresarial.<\/p>\n<p class=\"sow-more-text\"><a href=\"https:\/\/www.fmovil.co\/index.php\/productos\/otros-productos\/\"> Leer m\u00e1s&#8230; <\/a><\/p>\n","protected":false},"excerpt":{"rendered":"<p>Nuestra marca FARGOZ, esta representada en una serie de productos de alta calidad y respaldo, para las empresas que desean mantener sus sistemas de informaci\u00f3n al d\u00eda. Son herramientas de software, construidas a partir de experiencias con nuestros usuarios, quienes han contribuido, a la mejora de la misma. Fargoz P.O.S.<\/p>\n","protected":false},"author":1,"featured_media":279,"parent":0,"menu_order":3,"comment_status":"closed","ping_status":"closed","template":"","meta":{"footnotes":""},"class_list":["post-20","page","type-page","status-publish","has-post-thumbnail","hentry"],"_links":{"self":[{"href":"https:\/\/www.fmovil.co\/index.php\/wp-json\/wp\/v2\/pages\/20","targetHints":{"allow":["GET"]}}],"collection":[{"href":"https:\/\/www.fmovil.co\/index.php\/wp-json\/wp\/v2\/pages"}],"about":[{"href":"https:\/\/www.fmovil.co\/index.php\/wp-json\/wp\/v2\/types\/page"}],"author":[{"embeddable":true,"href":"https:\/\/www.fmovil.co\/index.php\/wp-json\/wp\/v2\/users\/1"}],"replies":[{"embeddable":true,"href":"https:\/\/www.fmovil.co\/index.php\/wp-json\/wp\/v2\/comments?post=20"}],"version-history":[{"count":1,"href":"https:\/\/www.fmovil.co\/index.php\/wp-json\/wp\/v2\/pages\/20\/revisions"}],"predecessor-version":[{"id":599,"href":"https:\/\/www.fmovil.co\/index.php\/wp-json\/wp\/v2\/pages\/20\/revisions\/599"}],"wp:featuredmedia":[{"embeddable":true,"href":"https:\/\/www.fmovil.co\/index.php\/wp-json\/wp\/v2\/media\/279"}],"wp:attachment":[{"href":"https:\/\/www.fmovil.co\/index.php\/wp-json\/wp\/v2\/media?parent=20"}],"curies":[{"name":"wp","href":"https:\/\/api.w.org\/{rel}","templated":true}]}}