{"id":14,"date":"2015-07-22T10:06:18","date_gmt":"2015-07-22T15:06:18","guid":{"rendered":"http:\/\/medesoft.co\/eliza\/?page_id=14"},"modified":"2020-06-10T00:16:44","modified_gmt":"2020-06-10T00:16:44","slug":"quienes-somos","status":"publish","type":"page","link":"https:\/\/www.fmovil.co\/index.php\/quienes-somos\/","title":{"rendered":"Quienes Somos"},"content":{"rendered":"<p style=\"text-align: justify;\"><span style=\"color: #000000;\"><strong>MedeSoft Developer SAS<\/strong>, es un grupo de asesores dedicados a ofrecer soluciones en sistemas; especializados en ingenier\u00eda de software, an\u00e1lisis, programaci\u00f3n orientada a objetos y Software de Gesti\u00f3n Comercial, con un alto grado de confiabilidad.<\/span><\/p>\n<p style=\"text-align: justify;\"><span style=\"color: #000000;\">Contamos con personal calificado en el \u00e1rea de desarrollo y programaci\u00f3n de todo tipo de Software de alta y mediana tecnolog\u00eda, al igual que soporte t\u00e9cnico de Hardware, estructuraci\u00f3n de redes de datos y cableado estructurado en el cual se implementa por medio de nuestros socios de negocios.<\/span><\/p>\n<h3 class=\"widget-title\">Misi\u00f3n<\/h3>\n<p style=\"text-align: justify;\"><span style=\"color: #000000;\">Aplicar de manera efectiva la tecnolog\u00eda con el objetivo de satisfacer los requerimientos de nuestros clientes, ofreci\u00e9ndoles soluciones de software de manera eficiente y con calidad, utilizando para ello metodolog\u00edas \u00e1giles de ingenier\u00eda de software como la programaci\u00f3n extrema.<\/span><\/p>\n<h3 class=\"widget-title\">Visi\u00f3n<\/h3>\n<p style=\"text-align: justify;\"><span style=\"color: #000000;\">Brindar a nuestros usuarios herramientas de inform\u00e1tica, de manera r\u00e1pida y eficaz, para que ellos puedan afrontar los desaf\u00edos de la nueva era tecnol\u00f3gica y as\u00ed se conviertan en nuestros mejores vendedores.<\/span><\/p>\n","protected":false},"excerpt":{"rendered":"<p>MedeSoft Developer SAS, es un grupo de asesores dedicados a ofrecer soluciones en sistemas; especializados en ingenier\u00eda de software, an\u00e1lisis, programaci\u00f3n orientada a objetos y Software de Gesti\u00f3n Comercial, con un alto grado de confiabilidad. Contamos con personal calificado en el \u00e1rea de desarrollo y programaci\u00f3n de todo tipo de<\/p>\n","protected":false},"author":1,"featured_media":283,"parent":0,"menu_order":2,"comment_status":"closed","ping_status":"open","template":"","meta":{"footnotes":""},"class_list":["post-14","page","type-page","status-publish","has-post-thumbnail","hentry"],"_links":{"self":[{"href":"https:\/\/www.fmovil.co\/index.php\/wp-json\/wp\/v2\/pages\/14","targetHints":{"allow":["GET"]}}],"collection":[{"href":"https:\/\/www.fmovil.co\/index.php\/wp-json\/wp\/v2\/pages"}],"about":[{"href":"https:\/\/www.fmovil.co\/index.php\/wp-json\/wp\/v2\/types\/page"}],"author":[{"embeddable":true,"href":"https:\/\/www.fmovil.co\/index.php\/wp-json\/wp\/v2\/users\/1"}],"replies":[{"embeddable":true,"href":"https:\/\/www.fmovil.co\/index.php\/wp-json\/wp\/v2\/comments?post=14"}],"version-history":[{"count":1,"href":"https:\/\/www.fmovil.co\/index.php\/wp-json\/wp\/v2\/pages\/14\/revisions"}],"predecessor-version":[{"id":584,"href":"https:\/\/www.fmovil.co\/index.php\/wp-json\/wp\/v2\/pages\/14\/revisions\/584"}],"wp:featuredmedia":[{"embeddable":true,"href":"https:\/\/www.fmovil.co\/index.php\/wp-json\/wp\/v2\/media\/283"}],"wp:attachment":[{"href":"https:\/\/www.fmovil.co\/index.php\/wp-json\/wp\/v2\/media?parent=14"}],"curies":[{"name":"wp","href":"https:\/\/api.w.org\/{rel}","templated":true}]}}