{"id":10,"date":"2015-07-21T20:59:18","date_gmt":"2015-07-21T20:59:18","guid":{"rendered":"http:\/\/medesoft.co\/eliza\/?page_id=2"},"modified":"2021-09-28T19:42:38","modified_gmt":"2021-09-28T19:42:38","slug":"medesoft-developer","status":"publish","type":"page","link":"https:\/\/www.fmovil.co\/","title":{"rendered":"Medesoft Developer"},"content":{"rendered":"<p style=\"text-align: justify;\"><span style=\"color: #000000;\">MEDESOFT DEVELOPER, Es un grupo de asesores dedicados a ofrecer soluciones en sistemas; especializados en ingenier\u00eda de Software, An\u00e1lisis, programaci\u00f3n orientada a objetos y Software de Gesti\u00f3n Comercial, con un alto Grado de Confiabilidad. creadores de la marca<span style=\"color: #0000ff;\"><strong> FARGOZ<\/strong><\/span>.<\/span><\/p>\n<p style=\"text-align: justify;\"><span style=\"color: #000000;\">Hace mas de 30 a\u00f1os desarrollamos Programas y asesoramos empresas de todo nivel comercial como son: Empresas de Importaciones Electr\u00f3nicas, Empresas de Textiles, Papeler\u00edas, Cacharrer\u00edas, Ferreter\u00edas, Abarroteros, Tiendas de Ropa, Restaurantes, Parab\u00f3licas, Farmacias y nuestros mas grandes y exigentes Clientes los Supermercados.<\/span><\/p>\n","protected":false},"excerpt":{"rendered":"<p>MEDESOFT DEVELOPER, Es un grupo de asesores dedicados a ofrecer soluciones en sistemas; especializados en ingenier\u00eda de Software, An\u00e1lisis, programaci\u00f3n orientada a objetos y Software de Gesti\u00f3n Comercial, con un alto Grado de Confiabilidad. creadores de la marca FARGOZ. Hace mas de 30 a\u00f1os desarrollamos Programas y asesoramos empresas de<\/p>\n","protected":false},"author":1,"featured_media":0,"parent":0,"menu_order":0,"comment_status":"closed","ping_status":"open","template":"","meta":{"footnotes":""},"class_list":["post-10","page","type-page","status-publish","hentry"],"_links":{"self":[{"href":"https:\/\/www.fmovil.co\/index.php\/wp-json\/wp\/v2\/pages\/10","targetHints":{"allow":["GET"]}}],"collection":[{"href":"https:\/\/www.fmovil.co\/index.php\/wp-json\/wp\/v2\/pages"}],"about":[{"href":"https:\/\/www.fmovil.co\/index.php\/wp-json\/wp\/v2\/types\/page"}],"author":[{"embeddable":true,"href":"https:\/\/www.fmovil.co\/index.php\/wp-json\/wp\/v2\/users\/1"}],"replies":[{"embeddable":true,"href":"https:\/\/www.fmovil.co\/index.php\/wp-json\/wp\/v2\/comments?post=10"}],"version-history":[{"count":1,"href":"https:\/\/www.fmovil.co\/index.php\/wp-json\/wp\/v2\/pages\/10\/revisions"}],"predecessor-version":[{"id":738,"href":"https:\/\/www.fmovil.co\/index.php\/wp-json\/wp\/v2\/pages\/10\/revisions\/738"}],"wp:attachment":[{"href":"https:\/\/www.fmovil.co\/index.php\/wp-json\/wp\/v2\/media?parent=10"}],"curies":[{"name":"wp","href":"https:\/\/api.w.org\/{rel}","templated":true}]}}